{"id":391,"date":"2026-02-27T23:18:54","date_gmt":"2026-02-27T22:18:54","guid":{"rendered":"http:\/\/localhost\/misitio\/?page_id=391"},"modified":"2026-05-02T13:36:11","modified_gmt":"2026-05-02T11:36:11","slug":"sobre-nosotros","status":"publish","type":"page","link":"https:\/\/rubikaenergia.com\/?page_id=391","title":{"rendered":"Sobre Nosotros"},"content":{"rendered":"\n<div id=\"wp-block-themeisle-blocks-advanced-columns-2c60bc77\" class=\"wp-block-themeisle-blocks-advanced-columns alignfull has-1-columns has-desktop-equal-layout has-tablet-equal-layout has-mobile-collapsedRows-layout has-reverse-columns-mobile has-vertical-center ticss-c00aadba\"><div class=\"wp-block-themeisle-blocks-advanced-columns-overlay\"><\/div><div class=\"innerblocks-wrap\">\n<div id=\"wp-block-themeisle-blocks-advanced-column-75b9263d\" class=\"wp-block-themeisle-blocks-advanced-column\">\n<div style=\"height:100px\" aria-hidden=\"true\" class=\"wp-block-spacer\"><\/div>\n\n\n\n<h1 id=\"wp-block-themeisle-blocks-advanced-heading-5d5675df\" class=\"wp-block-themeisle-blocks-advanced-heading wp-block-themeisle-blocks-advanced-heading-5d5675df\"><strong>Entender la energ\u00eda lo cambia todo<\/strong><\/h1>\n\n\n\n<p id=\"wp-block-themeisle-blocks-advanced-heading-40ecd43d\" class=\"wp-block-themeisle-blocks-advanced-heading wp-block-themeisle-blocks-advanced-heading-40ecd43d\">En R\u00fabika ayudamos a personas y empresas a tomar decisiones energ\u00e9ticas con criterio.<\/p>\n\n\n\n<div class=\"wp-block-buttons has-custom-font-size has-regular-font-size is-content-justification-center is-layout-flex wp-container-core-buttons-is-layout-1d236672 wp-block-buttons-is-layout-flex\" style=\"padding-top:var(--wp--preset--spacing--80);padding-bottom:var(--wp--preset--spacing--30)\">\n<div class=\"wp-block-button\"><a class=\"wp-block-button__link has-extra-primary-background-color has-background wp-element-button\" href=\"https:\/\/rubikaenergia.com\/?page_id=531\" style=\"padding-top:var(--wp--preset--spacing--40);padding-bottom:var(--wp--preset--spacing--40)\">Estudio Gratuito<\/a><\/div>\n<\/div>\n\n\n\n<div style=\"height:100px\" aria-hidden=\"true\" class=\"wp-block-spacer\"><\/div>\n<\/div>\n<\/div><\/div>\n\n\n\n<div class=\"wp-block-columns is-layout-flex wp-container-core-columns-is-layout-51c0b34d wp-block-columns-is-layout-flex\" style=\"padding-top:var(--wp--preset--spacing--50);padding-bottom:var(--wp--preset--spacing--50)\">\n<div class=\"wp-block-column is-layout-flow wp-block-column-is-layout-flow\">\n<h2 class=\"wp-block-heading has-text-align-center\" style=\"margin-bottom:var(--wp--preset--spacing--40)\">Sobre Nosotros<\/h2>\n\n\n\n<p style=\"margin-top:0\">Somos un equipo comprometido con ofrecer un servicio de calidad, cercano y profesional. Nuestro objetivo es ayudar a cada cliente a encontrar la mejor soluci\u00f3n adaptada a sus necesidades.<\/p>\n<\/div>\n<\/div>\n\n\n\n<div class=\"wp-block-columns is-layout-flex wp-container-core-columns-is-layout-02326bd4 wp-block-columns-is-layout-flex\" style=\"padding-top:0;padding-right:0;padding-bottom:var(--wp--preset--spacing--50);padding-left:0\">\n<div class=\"wp-block-column is-layout-flow wp-block-column-is-layout-flow\" style=\"padding-right:var(--wp--preset--spacing--50);padding-left:var(--wp--preset--spacing--50)\">\n<h2 class=\"wp-block-heading\">Qui\u00e9nes somos<\/h2>\n\n\n\n<p>Contamos con experiencia en el sector y trabajamos cada d\u00eda para mejorar y ofrecer un servicio eficiente, transparente y de confianza. Nos caracteriza la atenci\u00f3n personalizada y el cuidado en cada detalle.<\/p>\n<\/div>\n\n\n\n<div class=\"wp-block-column is-layout-flow wp-block-column-is-layout-flow\" style=\"padding-right:var(--wp--preset--spacing--50);padding-left:var(--wp--preset--spacing--50)\">\n<h2 class=\"wp-block-heading\">Nuestra misi\u00f3n<\/h2>\n\n\n\n<p>Nuestra misi\u00f3n es ofrecer soluciones eficaces, r\u00e1pidas y de calidad, garantizando siempre la satisfacci\u00f3n de nuestros clientes.<\/p>\n<\/div>\n<\/div>\n\n\n\n<div class=\"wp-block-columns is-layout-flex wp-container-core-columns-is-layout-28f84493 wp-block-columns-is-layout-flex\">\n<div class=\"wp-block-column is-layout-flow wp-block-column-is-layout-flow\" style=\"padding-right:var(--wp--preset--spacing--50);padding-left:var(--wp--preset--spacing--50)\">\n<h2 class=\"wp-block-heading\">Nuestra visi\u00f3n<\/h2>\n\n\n\n<p>Queremos convertirnos en una referencia en nuestro sector, destacando por nuestro compromiso, profesionalidad y cercan\u00eda con cada cliente.<\/p>\n<\/div>\n\n\n\n<div class=\"wp-block-column is-layout-flow wp-block-column-is-layout-flow\" style=\"padding-right:var(--wp--preset--spacing--50);padding-left:var(--wp--preset--spacing--50)\">\n<h2 class=\"wp-block-heading\">Nuestros valores<\/h2>\n\n\n\n<p>\u2714 Profesionalidad<br>\u2714 Compromiso<br>\u2714 Transparencia<br>\u2714 Cercan\u00eda<br>\u2714 Calidad<\/p>\n<\/div>\n<\/div>\n\n\n\n<div class=\"wp-block-columns is-layout-flex wp-container-core-columns-is-layout-28f84493 wp-block-columns-is-layout-flex\">\n<div class=\"wp-block-column is-vertically-aligned-top is-layout-flow wp-block-column-is-layout-flow\" style=\"padding-top:var(--wp--preset--spacing--50)\">\n<h2 class=\"wp-block-heading has-text-align-center\" style=\"margin-top:var(--wp--preset--spacing--40);margin-bottom:var(--wp--preset--spacing--50)\">Por qu\u00e9 elegirnos<\/h2>\n\n\n\n<p>Trabajamos con dedicaci\u00f3n para ofrecer el mejor servicio posible. Nos adaptamos a cada cliente, escuchamos sus necesidades y ofrecemos soluciones claras y efectivas.<\/p>\n\n\n\n<p>Nuestro objetivo no es solo cumplir, sino superar las expectativas.<\/p>\n\n\n\n<p style=\"margin-top:var(--wp--preset--spacing--40);margin-bottom:var(--wp--preset--spacing--40)\"><strong>Si buscas un servicio de confianza, estamos aqu\u00ed para ayudarte. Cont\u00e1ctanos y estaremos encantados de atenderte.<\/strong><\/p>\n<\/div>\n<\/div>\n","protected":false},"excerpt":{"rendered":"<p>Sobre Nosotros Somos un equipo comprometido con ofrecer un servicio de calidad, cercano y profesional. Nuestro objetivo es ayudar a cada cliente a encontrar la mejor soluci\u00f3n adaptada a sus necesidades. Qui\u00e9nes somos Contamos con experiencia en el sector y trabajamos cada d\u00eda para mejorar y ofrecer un servicio eficiente, transparente y de confianza. Nos [&hellip;]<\/p>\n","protected":false},"author":1,"featured_media":0,"parent":0,"menu_order":0,"comment_status":"closed","ping_status":"closed","template":"","meta":{"_themeisle_gutenberg_block_has_review":false,"footnotes":""},"class_list":["post-391","page","type-page","status-publish","hentry"],"yoast_head":"<!-- This site is optimized with the Yoast SEO plugin v27.5 - https:\/\/yoast.com\/product\/yoast-seo-wordpress\/ -->\n<title>Sobre Nosotros - Asesor\u00eda Energ\u00e9tica Profesional<\/title>\n<meta name=\"robots\" content=\"index, follow, max-snippet:-1, max-image-preview:large, max-video-preview:-1\" \/>\n<link rel=\"canonical\" href=\"https:\/\/rubikaenergia.com\/?page_id=391\" \/>\n<meta property=\"og:locale\" content=\"es_ES\" \/>\n<meta property=\"og:type\" content=\"article\" \/>\n<meta property=\"og:title\" content=\"Sobre Nosotros - Asesor\u00eda Energ\u00e9tica Profesional\" \/>\n<meta property=\"og:description\" content=\"Sobre Nosotros Somos un equipo comprometido con ofrecer un servicio de calidad, cercano y profesional. Nuestro objetivo es ayudar a cada cliente a encontrar la mejor soluci\u00f3n adaptada a sus necesidades. Qui\u00e9nes somos Contamos con experiencia en el sector y trabajamos cada d\u00eda para mejorar y ofrecer un servicio eficiente, transparente y de confianza. Nos [&hellip;]\" \/>\n<meta property=\"og:url\" content=\"https:\/\/rubikaenergia.com\/?page_id=391\" \/>\n<meta property=\"og:site_name\" content=\"Asesor\u00eda Energ\u00e9tica Profesional\" \/>\n<meta property=\"article:modified_time\" content=\"2026-05-02T11:36:11+00:00\" \/>\n<meta name=\"twitter:card\" content=\"summary_large_image\" \/>\n<meta name=\"twitter:label1\" content=\"Tiempo de lectura\" \/>\n\t<meta name=\"twitter:data1\" content=\"1 minuto\" \/>\n<script type=\"application\/ld+json\" class=\"yoast-schema-graph\">{\"@context\":\"https:\\\/\\\/schema.org\",\"@graph\":[{\"@type\":\"WebPage\",\"@id\":\"https:\\\/\\\/rubikaenergia.com\\\/?page_id=391\",\"url\":\"https:\\\/\\\/rubikaenergia.com\\\/?page_id=391\",\"name\":\"Sobre Nosotros - Asesor\u00eda Energ\u00e9tica Profesional\",\"isPartOf\":{\"@id\":\"https:\\\/\\\/rubikaenergia.com\\\/#website\"},\"datePublished\":\"2026-02-27T22:18:54+00:00\",\"dateModified\":\"2026-05-02T11:36:11+00:00\",\"breadcrumb\":{\"@id\":\"https:\\\/\\\/rubikaenergia.com\\\/?page_id=391#breadcrumb\"},\"inLanguage\":\"es\",\"potentialAction\":[{\"@type\":\"ReadAction\",\"target\":[\"https:\\\/\\\/rubikaenergia.com\\\/?page_id=391\"]}]},{\"@type\":\"BreadcrumbList\",\"@id\":\"https:\\\/\\\/rubikaenergia.com\\\/?page_id=391#breadcrumb\",\"itemListElement\":[{\"@type\":\"ListItem\",\"position\":1,\"name\":\"Portada\",\"item\":\"https:\\\/\\\/rubikaenergia.com\\\/\"},{\"@type\":\"ListItem\",\"position\":2,\"name\":\"Sobre Nosotros\"}]},{\"@type\":\"WebSite\",\"@id\":\"https:\\\/\\\/rubikaenergia.com\\\/#website\",\"url\":\"https:\\\/\\\/rubikaenergia.com\\\/\",\"name\":\"Asesor\u00eda Energ\u00e9tica Profesional\",\"description\":\"\",\"publisher\":{\"@id\":\"https:\\\/\\\/rubikaenergia.com\\\/#organization\"},\"potentialAction\":[{\"@type\":\"SearchAction\",\"target\":{\"@type\":\"EntryPoint\",\"urlTemplate\":\"https:\\\/\\\/rubikaenergia.com\\\/?s={search_term_string}\"},\"query-input\":{\"@type\":\"PropertyValueSpecification\",\"valueRequired\":true,\"valueName\":\"search_term_string\"}}],\"inLanguage\":\"es\"},{\"@type\":\"Organization\",\"@id\":\"https:\\\/\\\/rubikaenergia.com\\\/#organization\",\"name\":\"Asesor\u00eda Energ\u00e9tica Profesional\",\"url\":\"https:\\\/\\\/rubikaenergia.com\\\/\",\"logo\":{\"@type\":\"ImageObject\",\"inLanguage\":\"es\",\"@id\":\"https:\\\/\\\/rubikaenergia.com\\\/#\\\/schema\\\/logo\\\/image\\\/\",\"url\":\"https:\\\/\\\/rubikaenergia.com\\\/wp-content\\\/uploads\\\/2026\\\/02\\\/logo-rubika.png\",\"contentUrl\":\"https:\\\/\\\/rubikaenergia.com\\\/wp-content\\\/uploads\\\/2026\\\/02\\\/logo-rubika.png\",\"width\":2000,\"height\":2000,\"caption\":\"Asesor\u00eda Energ\u00e9tica Profesional\"},\"image\":{\"@id\":\"https:\\\/\\\/rubikaenergia.com\\\/#\\\/schema\\\/logo\\\/image\\\/\"}}]}<\/script>\n<!-- \/ Yoast SEO plugin. -->","yoast_head_json":{"title":"Sobre Nosotros - Asesor\u00eda Energ\u00e9tica Profesional","robots":{"index":"index","follow":"follow","max-snippet":"max-snippet:-1","max-image-preview":"max-image-preview:large","max-video-preview":"max-video-preview:-1"},"canonical":"https:\/\/rubikaenergia.com\/?page_id=391","og_locale":"es_ES","og_type":"article","og_title":"Sobre Nosotros - Asesor\u00eda Energ\u00e9tica Profesional","og_description":"Sobre Nosotros Somos un equipo comprometido con ofrecer un servicio de calidad, cercano y profesional. Nuestro objetivo es ayudar a cada cliente a encontrar la mejor soluci\u00f3n adaptada a sus necesidades. Qui\u00e9nes somos Contamos con experiencia en el sector y trabajamos cada d\u00eda para mejorar y ofrecer un servicio eficiente, transparente y de confianza. Nos [&hellip;]","og_url":"https:\/\/rubikaenergia.com\/?page_id=391","og_site_name":"Asesor\u00eda Energ\u00e9tica Profesional","article_modified_time":"2026-05-02T11:36:11+00:00","twitter_card":"summary_large_image","twitter_misc":{"Tiempo de lectura":"1 minuto"},"schema":{"@context":"https:\/\/schema.org","@graph":[{"@type":"WebPage","@id":"https:\/\/rubikaenergia.com\/?page_id=391","url":"https:\/\/rubikaenergia.com\/?page_id=391","name":"Sobre Nosotros - Asesor\u00eda Energ\u00e9tica Profesional","isPartOf":{"@id":"https:\/\/rubikaenergia.com\/#website"},"datePublished":"2026-02-27T22:18:54+00:00","dateModified":"2026-05-02T11:36:11+00:00","breadcrumb":{"@id":"https:\/\/rubikaenergia.com\/?page_id=391#breadcrumb"},"inLanguage":"es","potentialAction":[{"@type":"ReadAction","target":["https:\/\/rubikaenergia.com\/?page_id=391"]}]},{"@type":"BreadcrumbList","@id":"https:\/\/rubikaenergia.com\/?page_id=391#breadcrumb","itemListElement":[{"@type":"ListItem","position":1,"name":"Portada","item":"https:\/\/rubikaenergia.com\/"},{"@type":"ListItem","position":2,"name":"Sobre Nosotros"}]},{"@type":"WebSite","@id":"https:\/\/rubikaenergia.com\/#website","url":"https:\/\/rubikaenergia.com\/","name":"Asesor\u00eda Energ\u00e9tica Profesional","description":"","publisher":{"@id":"https:\/\/rubikaenergia.com\/#organization"},"potentialAction":[{"@type":"SearchAction","target":{"@type":"EntryPoint","urlTemplate":"https:\/\/rubikaenergia.com\/?s={search_term_string}"},"query-input":{"@type":"PropertyValueSpecification","valueRequired":true,"valueName":"search_term_string"}}],"inLanguage":"es"},{"@type":"Organization","@id":"https:\/\/rubikaenergia.com\/#organization","name":"Asesor\u00eda Energ\u00e9tica Profesional","url":"https:\/\/rubikaenergia.com\/","logo":{"@type":"ImageObject","inLanguage":"es","@id":"https:\/\/rubikaenergia.com\/#\/schema\/logo\/image\/","url":"https:\/\/rubikaenergia.com\/wp-content\/uploads\/2026\/02\/logo-rubika.png","contentUrl":"https:\/\/rubikaenergia.com\/wp-content\/uploads\/2026\/02\/logo-rubika.png","width":2000,"height":2000,"caption":"Asesor\u00eda Energ\u00e9tica Profesional"},"image":{"@id":"https:\/\/rubikaenergia.com\/#\/schema\/logo\/image\/"}}]}},"_links":{"self":[{"href":"https:\/\/rubikaenergia.com\/index.php?rest_route=\/wp\/v2\/pages\/391","targetHints":{"allow":["GET"]}}],"collection":[{"href":"https:\/\/rubikaenergia.com\/index.php?rest_route=\/wp\/v2\/pages"}],"about":[{"href":"https:\/\/rubikaenergia.com\/index.php?rest_route=\/wp\/v2\/types\/page"}],"author":[{"embeddable":true,"href":"https:\/\/rubikaenergia.com\/index.php?rest_route=\/wp\/v2\/users\/1"}],"replies":[{"embeddable":true,"href":"https:\/\/rubikaenergia.com\/index.php?rest_route=%2Fwp%2Fv2%2Fcomments&post=391"}],"version-history":[{"count":37,"href":"https:\/\/rubikaenergia.com\/index.php?rest_route=\/wp\/v2\/pages\/391\/revisions"}],"predecessor-version":[{"id":1233,"href":"https:\/\/rubikaenergia.com\/index.php?rest_route=\/wp\/v2\/pages\/391\/revisions\/1233"}],"wp:attachment":[{"href":"https:\/\/rubikaenergia.com\/index.php?rest_route=%2Fwp%2Fv2%2Fmedia&parent=391"}],"curies":[{"name":"wp","href":"https:\/\/api.w.org\/{rel}","templated":true}]}}