{"id":436,"date":"2026-02-28T14:04:33","date_gmt":"2026-02-28T13:04:33","guid":{"rendered":"http:\/\/localhost\/misitio\/?page_id=436"},"modified":"2026-05-02T14:03:43","modified_gmt":"2026-05-02T12:03:43","slug":"particulares","status":"publish","type":"page","link":"https:\/\/rubikaenergia.com\/?page_id=436","title":{"rendered":"Particulares"},"content":{"rendered":"\n<div class=\"wp-block-cover alignfull\" style=\"margin-top:0;padding-top:48px;padding-right:48px;padding-bottom:48px;padding-left:48px;min-height:408px;aspect-ratio:unset;\"><img loading=\"lazy\" decoding=\"async\" width=\"800\" height=\"600\" class=\"wp-block-cover__image-background wp-image-794 size-full\" alt=\"\" src=\"https:\/\/rubikaenergia.com\/wp-content\/uploads\/2026\/03\/cliente-rubika.png\" style=\"object-position:45% 23%\" data-object-fit=\"cover\" data-object-position=\"45% 23%\"\/><span aria-hidden=\"true\" class=\"wp-block-cover__background has-background-dim-40 has-background-dim\" style=\"background-color:#6a5e56\"><\/span><div class=\"wp-block-cover__inner-container is-layout-flow wp-block-cover-is-layout-flow\">\n<h2 class=\"wp-block-heading has-text-align-center has-foreground-color has-text-color\" style=\"border-width:10px;border-top-left-radius:35px;border-top-right-radius:35px;border-bottom-left-radius:35px;border-bottom-right-radius:35px;margin-top:0;margin-right:var(--wp--preset--spacing--80);margin-bottom:0;margin-left:var(--wp--preset--spacing--80)\">Ahorra en la factura de luz y gas de tu hogar<\/h2>\n\n\n\n<div class=\"wp-block-columns is-layout-flex wp-container-core-columns-is-layout-28f84493 wp-block-columns-is-layout-flex\">\n<div class=\"wp-block-column is-layout-flow wp-block-column-is-layout-flow\">\n<p class=\"has-text-align-center has-foreground-color has-text-color has-link-color wp-elements-5733ff43eaf4fff4b104cd6745744566\" style=\"margin-top:var(--wp--preset--spacing--50);margin-right:0;margin-bottom:var(--wp--preset--spacing--50)\"><strong>Analizamos tu factura gratis y te mostramos c\u00f3mo pagar menos cada mes.<\/strong><\/p>\n\n\n\n<ul class=\"wp-block-list has-medium-font-size\">\n<li class=\"has-foreground-color has-text-color has-link-color wp-elements-43d462eb3055a43cb7306e42032c080e\" style=\"font-size:18px\">Sin compromiso<\/li>\n\n\n\n<li class=\"has-foreground-color has-text-color has-link-color wp-elements-7f22fd336e6db6315bb1fa7b03023b87\" style=\"font-size:18px\">An\u00e1lisis gratuito<\/li>\n\n\n\n<li class=\"has-foreground-color has-text-color has-link-color wp-elements-53251f1b79efdbe25ae6c3bb099f2bc3\" style=\"font-size:18px\">Respuesta r\u00e1pida<\/li>\n<\/ul>\n\n\n\n<div class=\"wp-block-buttons is-content-justification-center is-nowrap is-layout-flex wp-container-core-buttons-is-layout-7eec0aaf wp-block-buttons-is-layout-flex\" style=\"padding-top:var(--wp--preset--spacing--30)\">\n<div class=\"wp-block-button\"><a class=\"wp-block-button__link has-extra-primary-background-color has-background has-medium-font-size has-custom-font-size wp-element-button\" href=\"https:\/\/rubikaenergia.com\/?page_id=531\" style=\"padding-top:15px;padding-bottom:15px\">Analizar mi factura gratis<\/a><\/div>\n<\/div>\n<\/div>\n\n\n\n<div class=\"wp-block-column is-layout-flow wp-block-column-is-layout-flow\"><\/div>\n<\/div>\n<\/div><\/div>\n\n\n\n<div class=\"wp-block-columns is-layout-flex wp-container-core-columns-is-layout-28f84493 wp-block-columns-is-layout-flex\">\n<div class=\"wp-block-column is-layout-flow wp-block-column-is-layout-flow\"><\/div>\n<\/div>\n\n\n\n<div class=\"wp-block-columns has-background is-layout-flex wp-container-core-columns-is-layout-8a2eb100 wp-block-columns-is-layout-flex\" style=\"border-style:none;border-width:0px;background-color:#f8f8f8;padding-top:var(--wp--preset--spacing--30);padding-right:0;padding-bottom:var(--wp--preset--spacing--30);padding-left:0\">\n<div class=\"wp-block-column is-layout-flow wp-block-column-is-layout-flow\">\n<div class=\"wp-block-media-text is-stacked-on-mobile\" style=\"padding-top:0;padding-bottom:0;grid-template-columns:80% auto\"><figure class=\"wp-block-media-text__media\"><img loading=\"lazy\" decoding=\"async\" width=\"1024\" height=\"768\" src=\"https:\/\/rubikaenergia.com\/wp-content\/uploads\/2026\/03\/factura.png\" alt=\"\" class=\"wp-image-669 size-full\"\/><\/figure><div class=\"wp-block-media-text__content\">\n<p><\/p>\n<\/div><\/div>\n<\/div>\n\n\n\n<div class=\"wp-block-column is-layout-flow wp-block-column-is-layout-flow\">\n<h2 class=\"wp-block-heading\" style=\"border-style:none;border-width:0px;border-top-left-radius:0px;border-top-right-radius:0px;border-bottom-left-radius:0px;border-bottom-right-radius:0px;margin-top:0;font-size:36px\">Problemas comunes en las facturas de energ\u00eda<\/h2>\n\n\n\n<p style=\"margin-top:var(--wp--preset--spacing--30);font-size:25px\">\u274c Est\u00e1s pagando de m\u00e1s sin saberlo<br>\u274c Potencia contratada demasiado alta<br>\u274c Consumo mal optimizado<br>\u274c Facturas dif\u00edciles de entender<\/p>\n<\/div>\n<\/div>\n\n\n\n<div class=\"wp-block-group is-layout-constrained wp-block-group-is-layout-constrained\">\n<div class=\"wp-block-columns is-layout-flex wp-container-core-columns-is-layout-28f84493 wp-block-columns-is-layout-flex\" style=\"border-style:none;border-width:0px\">\n<div class=\"wp-block-column is-layout-flow wp-block-column-is-layout-flow\">\n<div class=\"wp-block-columns is-layout-flex wp-container-core-columns-is-layout-28f84493 wp-block-columns-is-layout-flex\">\n<div class=\"wp-block-column is-layout-flow wp-block-column-is-layout-flow\">\n<div class=\"wp-block-media-text has-media-on-the-right is-stacked-on-mobile\" style=\"border-style:none;border-width:0px;border-top-left-radius:0px;border-top-right-radius:0px;border-bottom-left-radius:0px;border-bottom-right-radius:0px;grid-template-columns:auto 48%\"><div class=\"wp-block-media-text__content\">\n<div class=\"wp-block-columns is-layout-flex wp-container-core-columns-is-layout-28f84493 wp-block-columns-is-layout-flex\">\n<div class=\"wp-block-column is-layout-flow wp-block-column-is-layout-flow\">\n<h2 class=\"wp-block-heading has-text-align-left has-extra-primary-color has-text-color has-link-color wp-elements-cd948f5c49ab38da6a4ac48ef08173c3\" style=\"margin-top:0;margin-bottom:var(--wp--preset--spacing--40);font-size:36px\"><strong>C\u00f3mo te ayudamos a ahorrar<\/strong><\/h2>\n\n\n\n<ul style=\"margin-top:0\" class=\"wp-block-list\">\n<li style=\"font-size:25px\">Revisamos tu factura<\/li>\n\n\n\n<li style=\"font-size:25px\">Detectamos errores<\/li>\n\n\n\n<li style=\"font-size:25px\">Te decimos c\u00f3mo pagar menos<\/li>\n<\/ul>\n<\/div>\n<\/div>\n<\/div><figure class=\"wp-block-media-text__media\"><img loading=\"lazy\" decoding=\"async\" width=\"1024\" height=\"768\" src=\"https:\/\/rubikaenergia.com\/wp-content\/uploads\/2026\/03\/te-ayudamos-a-ahorrar.png\" alt=\"\" class=\"wp-image-674 size-full\"\/><\/figure><\/div>\n\n\n\n<div class=\"wp-block-columns is-layout-flex wp-container-core-columns-is-layout-28f84493 wp-block-columns-is-layout-flex\">\n<div class=\"wp-block-column is-layout-flow wp-block-column-is-layout-flow\">\n<hr class=\"wp-block-separator has-alpha-channel-opacity\" style=\"margin-top:var(--wp--preset--spacing--60)\"\/>\n\n\n\n<h2 class=\"wp-block-heading has-text-align-center\" style=\"margin-top:var(--wp--preset--spacing--40);margin-bottom:var(--wp--preset--spacing--50)\">Beneficios<\/h2>\n<\/div>\n<\/div>\n<\/div>\n<\/div>\n<\/div>\n<\/div>\n\n\n\n<div class=\"wp-block-columns is-layout-flex wp-container-core-columns-is-layout-28f84493 wp-block-columns-is-layout-flex\" style=\"border-style:none;border-width:0px\">\n<div class=\"wp-block-column is-layout-flow wp-block-column-is-layout-flow\">\n<div class=\"wp-block-media-text is-stacked-on-mobile\" style=\"padding-top:var(--wp--preset--spacing--40);padding-bottom:var(--wp--preset--spacing--60);grid-template-columns:39% auto\"><figure class=\"wp-block-media-text__media\"><img loading=\"lazy\" decoding=\"async\" width=\"1024\" height=\"768\" src=\"https:\/\/rubikaenergia.com\/wp-content\/uploads\/2026\/03\/ahorro.png\" alt=\"\" class=\"wp-image-676 size-full\"\/><\/figure><div class=\"wp-block-media-text__content\">\n<h2 class=\"wp-block-heading\" style=\"font-size:25px\">\ud83d\udcb0 <strong>Menos gasto mensual<\/strong> desde el primer mes<\/h2>\n\n\n\n<p>Pagas solo por lo que realmente necesitas.<\/p>\n<\/div><\/div>\n<\/div>\n\n\n\n<div class=\"wp-block-column is-layout-flow wp-block-column-is-layout-flow\" style=\"padding-top:var(--wp--preset--spacing--40)\">\n<div class=\"wp-block-media-text is-stacked-on-mobile\" style=\"grid-template-columns:41% auto\"><figure class=\"wp-block-media-text__media\"><img loading=\"lazy\" decoding=\"async\" width=\"1536\" height=\"1024\" src=\"https:\/\/rubikaenergia.com\/wp-content\/uploads\/2026\/02\/asesoramientorubika.jpeg\" alt=\"\" class=\"wp-image-324 size-full\"\/><\/figure><div class=\"wp-block-media-text__content\">\n<h2 class=\"wp-block-heading\" style=\"font-size:25px\">\ud83c\udd93 <strong>An\u00e1lisis gratuito<\/strong><\/h2>\n\n\n\n<p>Revisamos tu factura sin coste.<\/p>\n<\/div><\/div>\n<\/div>\n<\/div>\n<\/div>\n\n\n\n<div class=\"wp-block-columns is-layout-flex wp-container-core-columns-is-layout-28f84493 wp-block-columns-is-layout-flex\">\n<div class=\"wp-block-column is-layout-flow wp-block-column-is-layout-flow\">\n<div class=\"wp-block-columns is-layout-flex wp-container-core-columns-is-layout-28f84493 wp-block-columns-is-layout-flex\">\n<div class=\"wp-block-column is-layout-flow wp-block-column-is-layout-flow\">\n<div class=\"wp-block-media-text is-stacked-on-mobile\" style=\"padding-top:var(--wp--preset--spacing--40);grid-template-columns:39% auto\"><figure class=\"wp-block-media-text__media\"><img loading=\"lazy\" decoding=\"async\" width=\"1024\" height=\"768\" src=\"https:\/\/rubikaenergia.com\/wp-content\/uploads\/2026\/03\/proceso-sencillo.png\" alt=\"\" class=\"wp-image-677 size-full\"\/><\/figure><div class=\"wp-block-media-text__content\">\n<h2 class=\"wp-block-heading\" style=\"font-size:25px\">\u26a1 <strong>Proceso sencillo<\/strong><\/h2>\n\n\n\n<p>Solo tienes que subir tu factura.<\/p>\n<\/div><\/div>\n<\/div>\n\n\n\n<div class=\"wp-block-column is-layout-flow wp-block-column-is-layout-flow\">\n<div class=\"wp-block-media-text is-stacked-on-mobile\" style=\"padding-top:var(--wp--preset--spacing--40);grid-template-columns:39% auto\"><figure class=\"wp-block-media-text__media\"><img loading=\"lazy\" decoding=\"async\" width=\"1024\" height=\"768\" src=\"https:\/\/rubikaenergia.com\/wp-content\/uploads\/2026\/03\/acompanamiento.png\" alt=\"\" class=\"wp-image-678 size-full\"\/><\/figure><div class=\"wp-block-media-text__content\">\n<h2 class=\"wp-block-heading\" style=\"font-size:25px\">\ud83e\udd1d <strong>Acompa\u00f1amiento<\/strong><\/h2>\n\n\n\n<p>Te explicamos todo paso a paso.<\/p>\n<\/div><\/div>\n<\/div>\n<\/div>\n\n\n\n<h2 class=\"wp-block-heading has-text-align-center\" style=\"margin-top:var(--wp--preset--spacing--70);margin-bottom:var(--wp--preset--spacing--60)\">Ejemplos de ahorro<\/h2>\n\n\n\n<div class=\"wp-block-columns is-layout-flex wp-container-core-columns-is-layout-025b64df wp-block-columns-is-layout-flex\" style=\"margin-top:0\">\n<div class=\"wp-block-column has-background is-layout-flow wp-block-column-is-layout-flow\" style=\"border-style:none;border-width:0px;border-top-left-radius:46px;border-top-right-radius:46px;border-bottom-left-radius:46px;border-bottom-right-radius:46px;background-color:#f3f3f3\">\n<figure class=\"wp-block-image aligncenter size-full is-resized has-custom-border\" style=\"margin-top:var(--wp--preset--spacing--20)\"><img loading=\"lazy\" decoding=\"async\" width=\"800\" height=\"600\" src=\"https:\/\/rubikaenergia.com\/wp-content\/uploads\/2026\/03\/elena-rubika.png\" alt=\"\" class=\"wp-image-813\" style=\"border-style:none;border-width:0px;border-top-left-radius:17px;border-top-right-radius:17px;border-bottom-left-radius:17px;border-bottom-right-radius:17px;aspect-ratio:1.3333776242359818;width:243px;height:auto\"\/><\/figure>\n\n\n\n<p class=\"has-text-align-center\">\u2b50\u2b50\u2b50\u2b50\u2b50<\/p>\n\n\n\n<h2 class=\"wp-block-heading has-text-align-center\" style=\"margin-top:var(--wp--preset--spacing--40);font-size:25px\">Piso familiar<\/h2>\n\n\n\n<p class=\"has-text-align-center\">Ahorro estimado: <strong>15% mensual<\/strong><\/p>\n<\/div>\n\n\n\n<div class=\"wp-block-column has-background is-layout-flow wp-block-column-is-layout-flow\" style=\"border-top-left-radius:46px;border-top-right-radius:46px;border-bottom-left-radius:46px;border-bottom-right-radius:46px;background-color:#f3f3f3\">\n<figure class=\"wp-block-image aligncenter size-full is-resized has-custom-border\" style=\"margin-top:var(--wp--preset--spacing--20)\"><img loading=\"lazy\" decoding=\"async\" width=\"800\" height=\"600\" src=\"https:\/\/rubikaenergia.com\/wp-content\/uploads\/2026\/03\/thomas-rubika.png\" alt=\"\" class=\"wp-image-816\" style=\"border-top-left-radius:17px;border-top-right-radius:17px;border-bottom-left-radius:17px;border-bottom-right-radius:17px;aspect-ratio:1.3333554773134924;width:240px;height:auto\"\/><\/figure>\n\n\n\n<p class=\"has-text-align-center\">\u2b50\u2b50\u2b50\u2b50\u2606<\/p>\n\n\n\n<h2 class=\"wp-block-heading has-text-align-center\" style=\"margin-top:var(--wp--preset--spacing--40);font-size:25px\">Vivienda unifamiliar<\/h2>\n\n\n\n<p class=\"has-text-align-center\">Ahorro anual: 280\u20ac<\/p>\n<\/div>\n\n\n\n<div class=\"wp-block-column has-background is-layout-flow wp-block-column-is-layout-flow\" style=\"border-top-left-radius:46px;border-top-right-radius:46px;border-bottom-left-radius:46px;border-bottom-right-radius:46px;background-color:#f3f3f3\">\n<figure class=\"wp-block-image aligncenter size-full is-resized has-custom-border\" style=\"margin-top:var(--wp--preset--spacing--20)\"><img loading=\"lazy\" decoding=\"async\" width=\"800\" height=\"600\" src=\"https:\/\/rubikaenergia.com\/wp-content\/uploads\/2026\/03\/juan-rubika-1.png\" alt=\"\" class=\"wp-image-815\" style=\"border-top-left-radius:17px;border-top-right-radius:17px;border-bottom-left-radius:17px;border-bottom-right-radius:17px;aspect-ratio:1.3333776242359818;width:248px;height:auto\"\/><\/figure>\n\n\n\n<p class=\"has-text-align-center\">\u2b50\u2b50\u2b50\u2b50\u2b50<\/p>\n\n\n\n<h2 class=\"wp-block-heading has-text-align-center\" style=\"margin-top:var(--wp--preset--spacing--40);font-size:25px\">Segunda residencia<\/h2>\n\n\n\n<p class=\"has-text-align-center\" style=\"border-style:none;border-width:0px\">Optimizaci\u00f3n de tarifa seg\u00fan uso real<br> Ahorro: <strong>10\u201320%<\/strong><\/p>\n<\/div>\n<\/div>\n<\/div>\n<\/div>\n\n\n\n<div class=\"wp-block-buttons is-content-justification-center is-layout-flex wp-container-core-buttons-is-layout-f27c6935 wp-block-buttons-is-layout-flex\" style=\"padding-top:var(--wp--preset--spacing--40)\">\n<div class=\"wp-block-button\"><a class=\"wp-block-button__link has-extra-primary-background-color has-background has-regular-font-size has-custom-font-size wp-element-button\" href=\"https:\/\/rubikaenergia.com\/?page_id=531\">Enviar factura<\/a><\/div>\n<\/div>\n\n\n\n<p class=\"has-text-align-center\"><strong>Revisamos tu factura en 24h<\/strong><\/p>\n\n\n\n<p><\/p>\n","protected":false},"excerpt":{"rendered":"<p>Problemas comunes en las facturas de energ\u00eda \u274c Est\u00e1s pagando de m\u00e1s sin saberlo\u274c Potencia contratada demasiado alta\u274c Consumo mal optimizado\u274c Facturas dif\u00edciles de entender C\u00f3mo te ayudamos a ahorrar Beneficios \ud83d\udcb0 Menos gasto mensual desde el primer mes Pagas solo por lo que realmente necesitas. \ud83c\udd93 An\u00e1lisis gratuito Revisamos tu factura sin coste. \u26a1 [&hellip;]<\/p>\n","protected":false},"author":1,"featured_media":0,"parent":0,"menu_order":0,"comment_status":"closed","ping_status":"closed","template":"","meta":{"_themeisle_gutenberg_block_has_review":false,"footnotes":""},"class_list":["post-436","page","type-page","status-publish","hentry"],"yoast_head":"<!-- This site is optimized with the Yoast SEO plugin v27.5 - https:\/\/yoast.com\/product\/yoast-seo-wordpress\/ -->\n<title>Particulares - Asesor\u00eda Energ\u00e9tica Profesional<\/title>\n<meta name=\"robots\" content=\"index, follow, max-snippet:-1, max-image-preview:large, max-video-preview:-1\" \/>\n<link rel=\"canonical\" href=\"https:\/\/rubikaenergia.com\/?page_id=436\" \/>\n<meta property=\"og:locale\" content=\"es_ES\" \/>\n<meta property=\"og:type\" content=\"article\" \/>\n<meta property=\"og:title\" content=\"Particulares - Asesor\u00eda Energ\u00e9tica Profesional\" \/>\n<meta property=\"og:description\" content=\"Problemas comunes en las facturas de energ\u00eda \u274c Est\u00e1s pagando de m\u00e1s sin saberlo\u274c Potencia contratada demasiado alta\u274c Consumo mal optimizado\u274c Facturas dif\u00edciles de entender C\u00f3mo te ayudamos a ahorrar Beneficios \ud83d\udcb0 Menos gasto mensual desde el primer mes Pagas solo por lo que realmente necesitas. \ud83c\udd93 An\u00e1lisis gratuito Revisamos tu factura sin coste. \u26a1 [&hellip;]\" \/>\n<meta property=\"og:url\" content=\"https:\/\/rubikaenergia.com\/?page_id=436\" \/>\n<meta property=\"og:site_name\" content=\"Asesor\u00eda Energ\u00e9tica Profesional\" \/>\n<meta property=\"article:modified_time\" content=\"2026-05-02T12:03:43+00:00\" \/>\n<meta property=\"og:image\" content=\"https:\/\/rubikaenergia.com\/wp-content\/uploads\/2026\/03\/cliente-rubika.png\" \/>\n\t<meta property=\"og:image:width\" content=\"800\" \/>\n\t<meta property=\"og:image:height\" content=\"600\" \/>\n\t<meta property=\"og:image:type\" content=\"image\/png\" \/>\n<meta name=\"twitter:card\" content=\"summary_large_image\" \/>\n<meta name=\"twitter:label1\" content=\"Tiempo de lectura\" \/>\n\t<meta name=\"twitter:data1\" content=\"3 minutos\" \/>\n<script type=\"application\/ld+json\" class=\"yoast-schema-graph\">{\"@context\":\"https:\\\/\\\/schema.org\",\"@graph\":[{\"@type\":\"WebPage\",\"@id\":\"https:\\\/\\\/rubikaenergia.com\\\/?page_id=436\",\"url\":\"https:\\\/\\\/rubikaenergia.com\\\/?page_id=436\",\"name\":\"Particulares - Asesor\u00eda Energ\u00e9tica Profesional\",\"isPartOf\":{\"@id\":\"https:\\\/\\\/rubikaenergia.com\\\/#website\"},\"primaryImageOfPage\":{\"@id\":\"https:\\\/\\\/rubikaenergia.com\\\/?page_id=436#primaryimage\"},\"image\":{\"@id\":\"https:\\\/\\\/rubikaenergia.com\\\/?page_id=436#primaryimage\"},\"thumbnailUrl\":\"https:\\\/\\\/rubikaenergia.com\\\/wp-content\\\/uploads\\\/2026\\\/03\\\/cliente-rubika.png\",\"datePublished\":\"2026-02-28T13:04:33+00:00\",\"dateModified\":\"2026-05-02T12:03:43+00:00\",\"breadcrumb\":{\"@id\":\"https:\\\/\\\/rubikaenergia.com\\\/?page_id=436#breadcrumb\"},\"inLanguage\":\"es\",\"potentialAction\":[{\"@type\":\"ReadAction\",\"target\":[\"https:\\\/\\\/rubikaenergia.com\\\/?page_id=436\"]}]},{\"@type\":\"ImageObject\",\"inLanguage\":\"es\",\"@id\":\"https:\\\/\\\/rubikaenergia.com\\\/?page_id=436#primaryimage\",\"url\":\"https:\\\/\\\/rubikaenergia.com\\\/wp-content\\\/uploads\\\/2026\\\/03\\\/cliente-rubika.png\",\"contentUrl\":\"https:\\\/\\\/rubikaenergia.com\\\/wp-content\\\/uploads\\\/2026\\\/03\\\/cliente-rubika.png\",\"width\":800,\"height\":600},{\"@type\":\"BreadcrumbList\",\"@id\":\"https:\\\/\\\/rubikaenergia.com\\\/?page_id=436#breadcrumb\",\"itemListElement\":[{\"@type\":\"ListItem\",\"position\":1,\"name\":\"Portada\",\"item\":\"https:\\\/\\\/rubikaenergia.com\\\/\"},{\"@type\":\"ListItem\",\"position\":2,\"name\":\"Particulares\"}]},{\"@type\":\"WebSite\",\"@id\":\"https:\\\/\\\/rubikaenergia.com\\\/#website\",\"url\":\"https:\\\/\\\/rubikaenergia.com\\\/\",\"name\":\"Asesor\u00eda Energ\u00e9tica Profesional\",\"description\":\"\",\"publisher\":{\"@id\":\"https:\\\/\\\/rubikaenergia.com\\\/#organization\"},\"potentialAction\":[{\"@type\":\"SearchAction\",\"target\":{\"@type\":\"EntryPoint\",\"urlTemplate\":\"https:\\\/\\\/rubikaenergia.com\\\/?s={search_term_string}\"},\"query-input\":{\"@type\":\"PropertyValueSpecification\",\"valueRequired\":true,\"valueName\":\"search_term_string\"}}],\"inLanguage\":\"es\"},{\"@type\":\"Organization\",\"@id\":\"https:\\\/\\\/rubikaenergia.com\\\/#organization\",\"name\":\"Asesor\u00eda Energ\u00e9tica Profesional\",\"url\":\"https:\\\/\\\/rubikaenergia.com\\\/\",\"logo\":{\"@type\":\"ImageObject\",\"inLanguage\":\"es\",\"@id\":\"https:\\\/\\\/rubikaenergia.com\\\/#\\\/schema\\\/logo\\\/image\\\/\",\"url\":\"https:\\\/\\\/rubikaenergia.com\\\/wp-content\\\/uploads\\\/2026\\\/02\\\/logo-rubika.png\",\"contentUrl\":\"https:\\\/\\\/rubikaenergia.com\\\/wp-content\\\/uploads\\\/2026\\\/02\\\/logo-rubika.png\",\"width\":2000,\"height\":2000,\"caption\":\"Asesor\u00eda Energ\u00e9tica Profesional\"},\"image\":{\"@id\":\"https:\\\/\\\/rubikaenergia.com\\\/#\\\/schema\\\/logo\\\/image\\\/\"}}]}<\/script>\n<!-- \/ Yoast SEO plugin. -->","yoast_head_json":{"title":"Particulares - Asesor\u00eda Energ\u00e9tica Profesional","robots":{"index":"index","follow":"follow","max-snippet":"max-snippet:-1","max-image-preview":"max-image-preview:large","max-video-preview":"max-video-preview:-1"},"canonical":"https:\/\/rubikaenergia.com\/?page_id=436","og_locale":"es_ES","og_type":"article","og_title":"Particulares - Asesor\u00eda Energ\u00e9tica Profesional","og_description":"Problemas comunes en las facturas de energ\u00eda \u274c Est\u00e1s pagando de m\u00e1s sin saberlo\u274c Potencia contratada demasiado alta\u274c Consumo mal optimizado\u274c Facturas dif\u00edciles de entender C\u00f3mo te ayudamos a ahorrar Beneficios \ud83d\udcb0 Menos gasto mensual desde el primer mes Pagas solo por lo que realmente necesitas. \ud83c\udd93 An\u00e1lisis gratuito Revisamos tu factura sin coste. \u26a1 [&hellip;]","og_url":"https:\/\/rubikaenergia.com\/?page_id=436","og_site_name":"Asesor\u00eda Energ\u00e9tica Profesional","article_modified_time":"2026-05-02T12:03:43+00:00","og_image":[{"width":800,"height":600,"url":"https:\/\/rubikaenergia.com\/wp-content\/uploads\/2026\/03\/cliente-rubika.png","type":"image\/png"}],"twitter_card":"summary_large_image","twitter_misc":{"Tiempo de lectura":"3 minutos"},"schema":{"@context":"https:\/\/schema.org","@graph":[{"@type":"WebPage","@id":"https:\/\/rubikaenergia.com\/?page_id=436","url":"https:\/\/rubikaenergia.com\/?page_id=436","name":"Particulares - Asesor\u00eda Energ\u00e9tica Profesional","isPartOf":{"@id":"https:\/\/rubikaenergia.com\/#website"},"primaryImageOfPage":{"@id":"https:\/\/rubikaenergia.com\/?page_id=436#primaryimage"},"image":{"@id":"https:\/\/rubikaenergia.com\/?page_id=436#primaryimage"},"thumbnailUrl":"https:\/\/rubikaenergia.com\/wp-content\/uploads\/2026\/03\/cliente-rubika.png","datePublished":"2026-02-28T13:04:33+00:00","dateModified":"2026-05-02T12:03:43+00:00","breadcrumb":{"@id":"https:\/\/rubikaenergia.com\/?page_id=436#breadcrumb"},"inLanguage":"es","potentialAction":[{"@type":"ReadAction","target":["https:\/\/rubikaenergia.com\/?page_id=436"]}]},{"@type":"ImageObject","inLanguage":"es","@id":"https:\/\/rubikaenergia.com\/?page_id=436#primaryimage","url":"https:\/\/rubikaenergia.com\/wp-content\/uploads\/2026\/03\/cliente-rubika.png","contentUrl":"https:\/\/rubikaenergia.com\/wp-content\/uploads\/2026\/03\/cliente-rubika.png","width":800,"height":600},{"@type":"BreadcrumbList","@id":"https:\/\/rubikaenergia.com\/?page_id=436#breadcrumb","itemListElement":[{"@type":"ListItem","position":1,"name":"Portada","item":"https:\/\/rubikaenergia.com\/"},{"@type":"ListItem","position":2,"name":"Particulares"}]},{"@type":"WebSite","@id":"https:\/\/rubikaenergia.com\/#website","url":"https:\/\/rubikaenergia.com\/","name":"Asesor\u00eda Energ\u00e9tica Profesional","description":"","publisher":{"@id":"https:\/\/rubikaenergia.com\/#organization"},"potentialAction":[{"@type":"SearchAction","target":{"@type":"EntryPoint","urlTemplate":"https:\/\/rubikaenergia.com\/?s={search_term_string}"},"query-input":{"@type":"PropertyValueSpecification","valueRequired":true,"valueName":"search_term_string"}}],"inLanguage":"es"},{"@type":"Organization","@id":"https:\/\/rubikaenergia.com\/#organization","name":"Asesor\u00eda Energ\u00e9tica Profesional","url":"https:\/\/rubikaenergia.com\/","logo":{"@type":"ImageObject","inLanguage":"es","@id":"https:\/\/rubikaenergia.com\/#\/schema\/logo\/image\/","url":"https:\/\/rubikaenergia.com\/wp-content\/uploads\/2026\/02\/logo-rubika.png","contentUrl":"https:\/\/rubikaenergia.com\/wp-content\/uploads\/2026\/02\/logo-rubika.png","width":2000,"height":2000,"caption":"Asesor\u00eda Energ\u00e9tica Profesional"},"image":{"@id":"https:\/\/rubikaenergia.com\/#\/schema\/logo\/image\/"}}]}},"_links":{"self":[{"href":"https:\/\/rubikaenergia.com\/index.php?rest_route=\/wp\/v2\/pages\/436","targetHints":{"allow":["GET"]}}],"collection":[{"href":"https:\/\/rubikaenergia.com\/index.php?rest_route=\/wp\/v2\/pages"}],"about":[{"href":"https:\/\/rubikaenergia.com\/index.php?rest_route=\/wp\/v2\/types\/page"}],"author":[{"embeddable":true,"href":"https:\/\/rubikaenergia.com\/index.php?rest_route=\/wp\/v2\/users\/1"}],"replies":[{"embeddable":true,"href":"https:\/\/rubikaenergia.com\/index.php?rest_route=%2Fwp%2Fv2%2Fcomments&post=436"}],"version-history":[{"count":64,"href":"https:\/\/rubikaenergia.com\/index.php?rest_route=\/wp\/v2\/pages\/436\/revisions"}],"predecessor-version":[{"id":1243,"href":"https:\/\/rubikaenergia.com\/index.php?rest_route=\/wp\/v2\/pages\/436\/revisions\/1243"}],"wp:attachment":[{"href":"https:\/\/rubikaenergia.com\/index.php?rest_route=%2Fwp%2Fv2%2Fmedia&parent=436"}],"curies":[{"name":"wp","href":"https:\/\/api.w.org\/{rel}","templated":true}]}}