{"id":438,"date":"2026-02-28T14:05:21","date_gmt":"2026-02-28T13:05:21","guid":{"rendered":"http:\/\/localhost\/misitio\/?page_id=438"},"modified":"2026-04-17T12:16:07","modified_gmt":"2026-04-17T10:16:07","slug":"empresa","status":"publish","type":"page","link":"https:\/\/rubikaenergia.com\/empresa\/","title":{"rendered":"Empresa"},"content":{"rendered":"\n<div class=\"wp-block-columns is-layout-flex wp-container-core-columns-is-layout-28f84493 wp-block-columns-is-layout-flex\">\n<div class=\"wp-block-column is-layout-flow wp-block-column-is-layout-flow\"><\/div>\n<\/div>\n\n\n\n<div class=\"wp-block-cover\" style=\"padding-bottom:0\"><img loading=\"lazy\" decoding=\"async\" width=\"800\" height=\"600\" class=\"wp-block-cover__image-background wp-image-845\" alt=\"\" src=\"https:\/\/rubikaenergia.com\/wp-content\/uploads\/2026\/03\/empresas-rubika.png\" style=\"object-position:29% 32%\" data-object-fit=\"cover\" data-object-position=\"29% 32%\"\/><span aria-hidden=\"true\" class=\"wp-block-cover__background has-background-dim-30 has-background-dim\"><\/span><div class=\"wp-block-cover__inner-container is-layout-flow wp-block-cover-is-layout-flow\">\n<div class=\"wp-block-columns is-layout-flex wp-container-core-columns-is-layout-28f84493 wp-block-columns-is-layout-flex\">\n<div class=\"wp-block-column is-layout-flow wp-block-column-is-layout-flow\">\n<h2 class=\"wp-block-heading has-text-align-center has-foreground-color has-text-color has-link-color wp-elements-cf25b707c478806fa401024c30f97472\" style=\"margin-bottom:var(--wp--preset--spacing--60);font-size:36px\"><strong>Reduce el coste energ\u00e9tico de tu empresa<\/strong><\/h2>\n\n\n\n<p class=\"has-text-align-center has-foreground-color has-text-color has-link-color wp-elements-2a957b83e6214b8db4d5417fb7b9a7dc\" style=\"margin-bottom:var(--wp--preset--spacing--60);font-size:26px\"><strong>Analizamos tus facturas de luz y gas para detectar oportunidades de ahorro y mejorar la eficiencia de tu negocio.<\/strong><\/p>\n<\/div>\n\n\n\n<div class=\"wp-block-column is-layout-flow wp-block-column-is-layout-flow\"><\/div>\n<\/div>\n\n\n\n<div class=\"wp-block-buttons is-content-justification-center is-layout-flex wp-container-core-buttons-is-layout-1ae2663a wp-block-buttons-is-layout-flex\" style=\"padding-bottom:var(--wp--preset--spacing--50)\">\n<div class=\"wp-block-button\"><a class=\"wp-block-button__link has-extra-primary-background-color has-background wp-element-button\" href=\"https:\/\/rubikaenergia.com\/?page_id=531\" style=\"padding-right:var(--wp--preset--spacing--50);padding-left:var(--wp--preset--spacing--50)\">Solicitar an\u00e1lisis<\/a><\/div>\n<\/div>\n<\/div><\/div>\n\n\n\n<div class=\"wp-block-columns is-layout-flex wp-container-core-columns-is-layout-28f84493 wp-block-columns-is-layout-flex\">\n<div class=\"wp-block-column is-layout-flow wp-block-column-is-layout-flow\"><\/div>\n<\/div>\n\n\n\n<div class=\"wp-block-columns is-layout-flex wp-container-core-columns-is-layout-8c6a2759 wp-block-columns-is-layout-flex\" style=\"margin-top:var(--wp--preset--spacing--30);margin-bottom:var(--wp--preset--spacing--30);padding-top:var(--wp--preset--spacing--70)\">\n<div class=\"wp-block-column has-extra-primary-background-color has-background is-layout-flow wp-container-core-column-is-layout-8a368f38 wp-block-column-is-layout-flow\">\n<div class=\"wp-block-cover is-light\" style=\"min-height:274px;aspect-ratio:unset;\"><img loading=\"lazy\" decoding=\"async\" width=\"1536\" height=\"1024\" class=\"wp-block-cover__image-background wp-image-874 size-full\" alt=\"\" src=\"https:\/\/rubikaenergia.com\/wp-content\/uploads\/2026\/03\/perderdinero.png\" style=\"object-position:54% 27%\" data-object-fit=\"cover\" data-object-position=\"54% 27%\"\/><span aria-hidden=\"true\" class=\"wp-block-cover__background has-background-dim-30 has-background-dim\" style=\"background-color:#9d8f83\"><\/span><div class=\"wp-block-cover__inner-container is-layout-flow wp-block-cover-is-layout-flow\">\n<h2 class=\"wp-block-heading has-foreground-color has-text-color has-link-color wp-elements-1fabe3f3349b311e4c132efe60c21fbd\" style=\"margin-bottom:var(--wp--preset--spacing--40);font-size:38px\">Est\u00e1s perdiendo dinero<\/h2>\n\n\n\n<ul class=\"wp-block-list\">\n<li class=\"has-foreground-color has-text-color has-link-color wp-elements-ac267b19231093e9cc707830ad977e14\">Tarifas desactualizadas<\/li>\n\n\n\n<li class=\"has-foreground-color has-text-color has-link-color wp-elements-1f5ef78a549f807980c4cca549a27dff\">Exceso de potencia contratada<\/li>\n\n\n\n<li class=\"has-foreground-color has-text-color has-link-color wp-elements-7ebdf4efa3d41ad8bcd81778a591f389\">Falta de control sobre el coste energ\u00e9tico<\/li>\n\n\n\n<li class=\"has-foreground-color has-text-color has-link-color wp-elements-24441e6448cbc218d0079f7a4e2d54b5\">Facturaci\u00f3n compleja y dif\u00edcil de auditar<\/li>\n\n\n\n<li class=\"has-foreground-color has-text-color has-link-color wp-elements-3349a9364a45e58a5fe3dd337fa0eb62\">P\u00e9rdida de margen operativo<\/li>\n<\/ul>\n<\/div><\/div>\n<\/div>\n\n\n\n<div class=\"wp-block-column has-extra-tertiary-background-color has-background is-layout-flow wp-block-column-is-layout-flow\">\n<div class=\"wp-block-cover\" style=\"min-height:274px;aspect-ratio:unset;\"><img loading=\"lazy\" decoding=\"async\" width=\"1536\" height=\"1024\" class=\"wp-block-cover__image-background wp-image-875\" alt=\"\" src=\"https:\/\/rubikaenergia.com\/wp-content\/uploads\/2026\/03\/comotrabajamosrubika.png\" style=\"object-position:52% 27%\" data-object-fit=\"cover\" data-object-position=\"52% 27%\"\/><span aria-hidden=\"true\" class=\"wp-block-cover__background has-background-dim-30 has-background-dim\"><\/span><div class=\"wp-block-cover__inner-container is-layout-flow wp-block-cover-is-layout-flow\">\n<h2 class=\"wp-block-heading\" style=\"margin-top:0;margin-bottom:var(--wp--preset--spacing--40);font-size:38px\">C\u00f3mo trabajamos<\/h2>\n\n\n\n<ol class=\"wp-block-list\">\n<li>Auditor\u00eda inicial de facturas<\/li>\n\n\n\n<li>Detecci\u00f3n de ineficiencias y sobrecostes<\/li>\n\n\n\n<li>Propuesta personalizada de optimizaci\u00f3n<\/li>\n\n\n\n<li>Acompa\u00f1amiento en la implementaci\u00f3n<\/li>\n<\/ol>\n<\/div><\/div>\n<\/div>\n<\/div>\n\n\n\n<div class=\"wp-block-columns is-layout-flex wp-container-core-columns-is-layout-cbe57604 wp-block-columns-is-layout-flex\">\n<div class=\"wp-block-column has-extra-tertiary-background-color has-background is-layout-flow wp-block-column-is-layout-flow\">\n<div class=\"wp-block-cover\" style=\"min-height:290px;aspect-ratio:unset;\"><img loading=\"lazy\" decoding=\"async\" width=\"1536\" height=\"1024\" class=\"wp-block-cover__image-background wp-image-877\" alt=\"\" src=\"https:\/\/rubikaenergia.com\/wp-content\/uploads\/2026\/03\/trabajamosconrubika-1.png\" style=\"object-position:50% 26%\" data-object-fit=\"cover\" data-object-position=\"50% 26%\"\/><span aria-hidden=\"true\" class=\"wp-block-cover__background has-background-dim-30 has-background-dim\"><\/span><div class=\"wp-block-cover__inner-container is-layout-flow wp-block-cover-is-layout-flow\">\n<h2 class=\"wp-block-heading\" style=\"margin-bottom:var(--wp--preset--spacing--40);font-size:38px\">Trabajamos con<\/h2>\n\n\n\n<ul class=\"wp-block-list\">\n<li>Oficinas<\/li>\n\n\n\n<li>Comercios<\/li>\n\n\n\n<li>Restauraci\u00f3n<\/li>\n\n\n\n<li>Industria ligera<\/li>\n\n\n\n<li>Comunidades y edificios<\/li>\n<\/ul>\n<\/div><\/div>\n<\/div>\n\n\n\n<div class=\"wp-block-column has-extra-tertiary-background-color has-background is-layout-flow wp-block-column-is-layout-flow\">\n<div class=\"wp-block-cover\" style=\"min-height:292px;aspect-ratio:unset;\"><img loading=\"lazy\" decoding=\"async\" width=\"1536\" height=\"1024\" class=\"wp-block-cover__image-background wp-image-878\" alt=\"\" src=\"https:\/\/rubikaenergia.com\/wp-content\/uploads\/2026\/03\/resultadosrubika.png\" style=\"object-position:48% 20%\" data-object-fit=\"cover\" data-object-position=\"48% 20%\"\/><span aria-hidden=\"true\" class=\"wp-block-cover__background has-background-dim-30 has-background-dim\"><\/span><div class=\"wp-block-cover__inner-container is-layout-flow wp-block-cover-is-layout-flow\">\n<h2 class=\"wp-block-heading\" style=\"margin-bottom:var(--wp--preset--spacing--40);font-size:38px\">Resultados reales<\/h2>\n\n\n\n<ul class=\"wp-block-list\">\n<li><strong>Reducci\u00f3n de costes fijos<\/strong><\/li>\n\n\n\n<li><strong>Mayor previsibilidad<\/strong><\/li>\n\n\n\n<li><strong>Asesoramiento especializado<\/strong><\/li>\n\n\n\n<li><strong>Decisiones basadas en datos<\/strong><\/li>\n<\/ul>\n<\/div><\/div>\n<\/div>\n<\/div>\n\n\n\n<h2 class=\"wp-block-heading has-text-align-center\" style=\"margin-top:var(--wp--preset--spacing--70)\">Descubre cu\u00e1nto puede ahorrar tu empresa<\/h2>\n\n\n\n<p class=\"has-text-align-center\">Env\u00edanos tus facturas y te presentaremos una propuesta clara de optimizaci\u00f3n.<\/p>\n\n\n\n<div class=\"wp-block-buttons is-content-justification-center is-layout-flex wp-container-core-buttons-is-layout-2a2903dc wp-block-buttons-is-layout-flex\" style=\"padding-top:var(--wp--preset--spacing--30)\">\n<div class=\"wp-block-button\"><a class=\"wp-block-button__link has-extra-primary-background-color has-background wp-element-button\" href=\"https:\/\/rubikaenergia.com\/?page_id=531\">Enviar facturas<\/a><\/div>\n<\/div>\n","protected":false},"excerpt":{"rendered":"<p>Descubre cu\u00e1nto puede ahorrar tu empresa Env\u00edanos tus facturas y te presentaremos una propuesta clara de optimizaci\u00f3n.<\/p>\n","protected":false},"author":1,"featured_media":0,"parent":0,"menu_order":0,"comment_status":"closed","ping_status":"closed","template":"","meta":{"_themeisle_gutenberg_block_has_review":false,"footnotes":""},"class_list":["post-438","page","type-page","status-publish","hentry"],"yoast_head":"<!-- This site is optimized with the Yoast SEO plugin v27.5 - https:\/\/yoast.com\/product\/yoast-seo-wordpress\/ -->\n<title>Empresa - Asesor\u00eda Energ\u00e9tica Profesional<\/title>\n<meta name=\"robots\" content=\"index, follow, max-snippet:-1, max-image-preview:large, max-video-preview:-1\" \/>\n<link rel=\"canonical\" href=\"https:\/\/rubikaenergia.com\/empresa\/\" \/>\n<meta property=\"og:locale\" content=\"es_ES\" \/>\n<meta property=\"og:type\" content=\"article\" \/>\n<meta property=\"og:title\" content=\"Empresa - Asesor\u00eda Energ\u00e9tica Profesional\" \/>\n<meta property=\"og:description\" content=\"Descubre cu\u00e1nto puede ahorrar tu empresa Env\u00edanos tus facturas y te presentaremos una propuesta clara de optimizaci\u00f3n.\" \/>\n<meta property=\"og:url\" content=\"https:\/\/rubikaenergia.com\/empresa\/\" \/>\n<meta property=\"og:site_name\" content=\"Asesor\u00eda Energ\u00e9tica Profesional\" \/>\n<meta property=\"article:modified_time\" content=\"2026-04-17T10:16:07+00:00\" \/>\n<meta property=\"og:image\" content=\"https:\/\/rubikaenergia.com\/wp-content\/uploads\/2026\/03\/empresas-rubika.png\" \/>\n<meta name=\"twitter:card\" content=\"summary_large_image\" \/>\n<meta name=\"twitter:label1\" content=\"Tiempo de lectura\" \/>\n\t<meta name=\"twitter:data1\" content=\"1 minuto\" \/>\n<script type=\"application\/ld+json\" class=\"yoast-schema-graph\">{\"@context\":\"https:\\\/\\\/schema.org\",\"@graph\":[{\"@type\":\"WebPage\",\"@id\":\"https:\\\/\\\/rubikaenergia.com\\\/empresa\\\/\",\"url\":\"https:\\\/\\\/rubikaenergia.com\\\/empresa\\\/\",\"name\":\"Empresa - Asesor\u00eda Energ\u00e9tica Profesional\",\"isPartOf\":{\"@id\":\"https:\\\/\\\/rubikaenergia.com\\\/#website\"},\"primaryImageOfPage\":{\"@id\":\"https:\\\/\\\/rubikaenergia.com\\\/empresa\\\/#primaryimage\"},\"image\":{\"@id\":\"https:\\\/\\\/rubikaenergia.com\\\/empresa\\\/#primaryimage\"},\"thumbnailUrl\":\"https:\\\/\\\/rubikaenergia.com\\\/wp-content\\\/uploads\\\/2026\\\/03\\\/empresas-rubika.png\",\"datePublished\":\"2026-02-28T13:05:21+00:00\",\"dateModified\":\"2026-04-17T10:16:07+00:00\",\"breadcrumb\":{\"@id\":\"https:\\\/\\\/rubikaenergia.com\\\/empresa\\\/#breadcrumb\"},\"inLanguage\":\"es\",\"potentialAction\":[{\"@type\":\"ReadAction\",\"target\":[\"https:\\\/\\\/rubikaenergia.com\\\/empresa\\\/\"]}]},{\"@type\":\"ImageObject\",\"inLanguage\":\"es\",\"@id\":\"https:\\\/\\\/rubikaenergia.com\\\/empresa\\\/#primaryimage\",\"url\":\"https:\\\/\\\/rubikaenergia.com\\\/wp-content\\\/uploads\\\/2026\\\/03\\\/empresas-rubika.png\",\"contentUrl\":\"https:\\\/\\\/rubikaenergia.com\\\/wp-content\\\/uploads\\\/2026\\\/03\\\/empresas-rubika.png\",\"width\":800,\"height\":600},{\"@type\":\"BreadcrumbList\",\"@id\":\"https:\\\/\\\/rubikaenergia.com\\\/empresa\\\/#breadcrumb\",\"itemListElement\":[{\"@type\":\"ListItem\",\"position\":1,\"name\":\"Portada\",\"item\":\"https:\\\/\\\/rubikaenergia.com\\\/\"},{\"@type\":\"ListItem\",\"position\":2,\"name\":\"Empresa\"}]},{\"@type\":\"WebSite\",\"@id\":\"https:\\\/\\\/rubikaenergia.com\\\/#website\",\"url\":\"https:\\\/\\\/rubikaenergia.com\\\/\",\"name\":\"Asesor\u00eda Energ\u00e9tica Profesional\",\"description\":\"\",\"publisher\":{\"@id\":\"https:\\\/\\\/rubikaenergia.com\\\/#organization\"},\"potentialAction\":[{\"@type\":\"SearchAction\",\"target\":{\"@type\":\"EntryPoint\",\"urlTemplate\":\"https:\\\/\\\/rubikaenergia.com\\\/?s={search_term_string}\"},\"query-input\":{\"@type\":\"PropertyValueSpecification\",\"valueRequired\":true,\"valueName\":\"search_term_string\"}}],\"inLanguage\":\"es\"},{\"@type\":\"Organization\",\"@id\":\"https:\\\/\\\/rubikaenergia.com\\\/#organization\",\"name\":\"Asesor\u00eda Energ\u00e9tica Profesional\",\"url\":\"https:\\\/\\\/rubikaenergia.com\\\/\",\"logo\":{\"@type\":\"ImageObject\",\"inLanguage\":\"es\",\"@id\":\"https:\\\/\\\/rubikaenergia.com\\\/#\\\/schema\\\/logo\\\/image\\\/\",\"url\":\"https:\\\/\\\/rubikaenergia.com\\\/wp-content\\\/uploads\\\/2026\\\/02\\\/logo-rubika.png\",\"contentUrl\":\"https:\\\/\\\/rubikaenergia.com\\\/wp-content\\\/uploads\\\/2026\\\/02\\\/logo-rubika.png\",\"width\":2000,\"height\":2000,\"caption\":\"Asesor\u00eda Energ\u00e9tica Profesional\"},\"image\":{\"@id\":\"https:\\\/\\\/rubikaenergia.com\\\/#\\\/schema\\\/logo\\\/image\\\/\"},\"sameAs\":[\"https:\\\/\\\/www.instagram.com\\\/rubika_energia\\\/\"]}]}<\/script>\n<!-- \/ Yoast SEO plugin. -->","yoast_head_json":{"title":"Empresa - Asesor\u00eda Energ\u00e9tica Profesional","robots":{"index":"index","follow":"follow","max-snippet":"max-snippet:-1","max-image-preview":"max-image-preview:large","max-video-preview":"max-video-preview:-1"},"canonical":"https:\/\/rubikaenergia.com\/empresa\/","og_locale":"es_ES","og_type":"article","og_title":"Empresa - Asesor\u00eda Energ\u00e9tica Profesional","og_description":"Descubre cu\u00e1nto puede ahorrar tu empresa Env\u00edanos tus facturas y te presentaremos una propuesta clara de optimizaci\u00f3n.","og_url":"https:\/\/rubikaenergia.com\/empresa\/","og_site_name":"Asesor\u00eda Energ\u00e9tica Profesional","article_modified_time":"2026-04-17T10:16:07+00:00","og_image":[{"url":"https:\/\/rubikaenergia.com\/wp-content\/uploads\/2026\/03\/empresas-rubika.png","type":"","width":"","height":""}],"twitter_card":"summary_large_image","twitter_misc":{"Tiempo de lectura":"1 minuto"},"schema":{"@context":"https:\/\/schema.org","@graph":[{"@type":"WebPage","@id":"https:\/\/rubikaenergia.com\/empresa\/","url":"https:\/\/rubikaenergia.com\/empresa\/","name":"Empresa - Asesor\u00eda Energ\u00e9tica Profesional","isPartOf":{"@id":"https:\/\/rubikaenergia.com\/#website"},"primaryImageOfPage":{"@id":"https:\/\/rubikaenergia.com\/empresa\/#primaryimage"},"image":{"@id":"https:\/\/rubikaenergia.com\/empresa\/#primaryimage"},"thumbnailUrl":"https:\/\/rubikaenergia.com\/wp-content\/uploads\/2026\/03\/empresas-rubika.png","datePublished":"2026-02-28T13:05:21+00:00","dateModified":"2026-04-17T10:16:07+00:00","breadcrumb":{"@id":"https:\/\/rubikaenergia.com\/empresa\/#breadcrumb"},"inLanguage":"es","potentialAction":[{"@type":"ReadAction","target":["https:\/\/rubikaenergia.com\/empresa\/"]}]},{"@type":"ImageObject","inLanguage":"es","@id":"https:\/\/rubikaenergia.com\/empresa\/#primaryimage","url":"https:\/\/rubikaenergia.com\/wp-content\/uploads\/2026\/03\/empresas-rubika.png","contentUrl":"https:\/\/rubikaenergia.com\/wp-content\/uploads\/2026\/03\/empresas-rubika.png","width":800,"height":600},{"@type":"BreadcrumbList","@id":"https:\/\/rubikaenergia.com\/empresa\/#breadcrumb","itemListElement":[{"@type":"ListItem","position":1,"name":"Portada","item":"https:\/\/rubikaenergia.com\/"},{"@type":"ListItem","position":2,"name":"Empresa"}]},{"@type":"WebSite","@id":"https:\/\/rubikaenergia.com\/#website","url":"https:\/\/rubikaenergia.com\/","name":"Asesor\u00eda Energ\u00e9tica Profesional","description":"","publisher":{"@id":"https:\/\/rubikaenergia.com\/#organization"},"potentialAction":[{"@type":"SearchAction","target":{"@type":"EntryPoint","urlTemplate":"https:\/\/rubikaenergia.com\/?s={search_term_string}"},"query-input":{"@type":"PropertyValueSpecification","valueRequired":true,"valueName":"search_term_string"}}],"inLanguage":"es"},{"@type":"Organization","@id":"https:\/\/rubikaenergia.com\/#organization","name":"Asesor\u00eda Energ\u00e9tica Profesional","url":"https:\/\/rubikaenergia.com\/","logo":{"@type":"ImageObject","inLanguage":"es","@id":"https:\/\/rubikaenergia.com\/#\/schema\/logo\/image\/","url":"https:\/\/rubikaenergia.com\/wp-content\/uploads\/2026\/02\/logo-rubika.png","contentUrl":"https:\/\/rubikaenergia.com\/wp-content\/uploads\/2026\/02\/logo-rubika.png","width":2000,"height":2000,"caption":"Asesor\u00eda Energ\u00e9tica Profesional"},"image":{"@id":"https:\/\/rubikaenergia.com\/#\/schema\/logo\/image\/"},"sameAs":["https:\/\/www.instagram.com\/rubika_energia\/"]}]}},"_links":{"self":[{"href":"https:\/\/rubikaenergia.com\/wp-json\/wp\/v2\/pages\/438","targetHints":{"allow":["GET"]}}],"collection":[{"href":"https:\/\/rubikaenergia.com\/wp-json\/wp\/v2\/pages"}],"about":[{"href":"https:\/\/rubikaenergia.com\/wp-json\/wp\/v2\/types\/page"}],"author":[{"embeddable":true,"href":"https:\/\/rubikaenergia.com\/wp-json\/wp\/v2\/users\/1"}],"replies":[{"embeddable":true,"href":"https:\/\/rubikaenergia.com\/wp-json\/wp\/v2\/comments?post=438"}],"version-history":[{"count":33,"href":"https:\/\/rubikaenergia.com\/wp-json\/wp\/v2\/pages\/438\/revisions"}],"predecessor-version":[{"id":1117,"href":"https:\/\/rubikaenergia.com\/wp-json\/wp\/v2\/pages\/438\/revisions\/1117"}],"wp:attachment":[{"href":"https:\/\/rubikaenergia.com\/wp-json\/wp\/v2\/media?parent=438"}],"curies":[{"name":"wp","href":"https:\/\/api.w.org\/{rel}","templated":true}]}}