{"id":738,"date":"2026-03-14T19:38:08","date_gmt":"2026-03-14T18:38:08","guid":{"rendered":"http:\/\/localhost\/misitio\/?page_id=738"},"modified":"2026-03-14T20:13:20","modified_gmt":"2026-03-14T19:13:20","slug":"preguntas-frecuentes-2","status":"publish","type":"page","link":"https:\/\/rubikaenergia.com\/preguntas-frecuentes-2\/","title":{"rendered":"Preguntas frecuentes"},"content":{"rendered":"\n<h2 class=\"wp-block-heading\">Preguntas frecuentes<\/h2>\n\n\n\n<p style=\"margin-top:var(--wp--preset--spacing--50);margin-bottom:var(--wp--preset--spacing--50)\">Respondemos a las dudas m\u00e1s habituales sobre el an\u00e1lisis de facturas energ\u00e9ticas y c\u00f3mo puedes reducir el coste de tu factura de luz o gas.<\/p>\n\n\n\n<div data-wp-context=\"{ &quot;autoclose&quot;: false, &quot;accordionItems&quot;: [] }\" data-wp-interactive=\"core\/accordion\" role=\"group\" class=\"wp-block-accordion is-layout-flow wp-block-accordion-is-layout-flow\">\n<div data-wp-class--is-open=\"state.isOpen\" data-wp-context=\"{ &quot;id&quot;: &quot;accordion-item-1&quot;, &quot;openByDefault&quot;: false }\" data-wp-init=\"callbacks.initAccordionItems\" data-wp-on-window--hashchange=\"callbacks.hashChange\" class=\"wp-block-accordion-item is-layout-flow wp-block-accordion-item-is-layout-flow\">\n<h3 class=\"wp-block-accordion-heading\"><button aria-expanded=\"false\" aria-controls=\"accordion-item-1-panel\" data-wp-bind--aria-expanded=\"state.isOpen\" data-wp-on--click=\"actions.toggle\" data-wp-on--keydown=\"actions.handleKeyDown\" id=\"accordion-item-1\" type=\"button\" class=\"wp-block-accordion-heading__toggle\"><span class=\"wp-block-accordion-heading__toggle-title\">\u00bfEl an\u00e1lisis de mi factura tiene coste?<\/span><span class=\"wp-block-accordion-heading__toggle-icon\" aria-hidden=\"true\">+<\/span><\/button><\/h3>\n\n\n\n<div inert aria-labelledby=\"accordion-item-1\" data-wp-bind--inert=\"!state.isOpen\" id=\"accordion-item-1-panel\" role=\"region\" class=\"wp-block-accordion-panel is-layout-flow wp-block-accordion-panel-is-layout-flow\">\n<p>El an\u00e1lisis inicial es totalmente gratuito.<br>Revisamos tu factura energ\u00e9tica para detectar posibles optimizaciones.<\/p>\n<\/div>\n<\/div>\n<\/div>\n\n\n\n<div data-wp-context=\"{ &quot;autoclose&quot;: false, &quot;accordionItems&quot;: [] }\" data-wp-interactive=\"core\/accordion\" role=\"group\" class=\"wp-block-accordion is-layout-flow wp-block-accordion-is-layout-flow\">\n<div data-wp-class--is-open=\"state.isOpen\" data-wp-context=\"{ &quot;id&quot;: &quot;accordion-item-2&quot;, &quot;openByDefault&quot;: false }\" data-wp-init=\"callbacks.initAccordionItems\" data-wp-on-window--hashchange=\"callbacks.hashChange\" class=\"wp-block-accordion-item is-layout-flow wp-block-accordion-item-is-layout-flow\">\n<h3 class=\"wp-block-accordion-heading\"><button aria-expanded=\"false\" aria-controls=\"accordion-item-2-panel\" data-wp-bind--aria-expanded=\"state.isOpen\" data-wp-on--click=\"actions.toggle\" data-wp-on--keydown=\"actions.handleKeyDown\" id=\"accordion-item-2\" type=\"button\" class=\"wp-block-accordion-heading__toggle\"><span class=\"wp-block-accordion-heading__toggle-title\">\u00bfCu\u00e1nto puedo ahorrar realmente?<\/span><span class=\"wp-block-accordion-heading__toggle-icon\" aria-hidden=\"true\">+<\/span><\/button><\/h3>\n\n\n\n<div inert aria-labelledby=\"accordion-item-2\" data-wp-bind--inert=\"!state.isOpen\" id=\"accordion-item-2-panel\" role=\"region\" class=\"wp-block-accordion-panel is-layout-flow wp-block-accordion-panel-is-layout-flow\">\n<p>El ahorro depende de cada caso, pero muchos hogares pueden reducir su factura entre <strong>un 10% y un 30%<\/strong> optimizando su tarifa o potencia contratada.<\/p>\n<\/div>\n<\/div>\n<\/div>\n\n\n\n<div data-wp-context=\"{ &quot;autoclose&quot;: false, &quot;accordionItems&quot;: [] }\" data-wp-interactive=\"core\/accordion\" role=\"group\" class=\"wp-block-accordion is-layout-flow wp-block-accordion-is-layout-flow\">\n<div data-wp-class--is-open=\"state.isOpen\" data-wp-context=\"{ &quot;id&quot;: &quot;accordion-item-3&quot;, &quot;openByDefault&quot;: false }\" data-wp-init=\"callbacks.initAccordionItems\" data-wp-on-window--hashchange=\"callbacks.hashChange\" class=\"wp-block-accordion-item is-layout-flow wp-block-accordion-item-is-layout-flow\">\n<h3 class=\"wp-block-accordion-heading\"><button aria-expanded=\"false\" aria-controls=\"accordion-item-3-panel\" data-wp-bind--aria-expanded=\"state.isOpen\" data-wp-on--click=\"actions.toggle\" data-wp-on--keydown=\"actions.handleKeyDown\" id=\"accordion-item-3\" type=\"button\" class=\"wp-block-accordion-heading__toggle\"><span class=\"wp-block-accordion-heading__toggle-title\">\u00bfCu\u00e1nto tarda el an\u00e1lisis?<\/span><span class=\"wp-block-accordion-heading__toggle-icon\" aria-hidden=\"true\">+<\/span><\/button><\/h3>\n\n\n\n<div inert aria-labelledby=\"accordion-item-3\" data-wp-bind--inert=\"!state.isOpen\" id=\"accordion-item-3-panel\" role=\"region\" class=\"wp-block-accordion-panel is-layout-flow wp-block-accordion-panel-is-layout-flow\">\n<p>Normalmente el an\u00e1lisis se realiza en un plazo de <strong>24 a 48 horas<\/strong> desde que recibimos la factura.<\/p>\n<\/div>\n<\/div>\n<\/div>\n\n\n\n<div data-wp-context=\"{ &quot;autoclose&quot;: false, &quot;accordionItems&quot;: [] }\" data-wp-interactive=\"core\/accordion\" role=\"group\" class=\"wp-block-accordion is-layout-flow wp-block-accordion-is-layout-flow\">\n<div data-wp-class--is-open=\"state.isOpen\" data-wp-context=\"{ &quot;id&quot;: &quot;accordion-item-4&quot;, &quot;openByDefault&quot;: false }\" data-wp-init=\"callbacks.initAccordionItems\" data-wp-on-window--hashchange=\"callbacks.hashChange\" class=\"wp-block-accordion-item is-layout-flow wp-block-accordion-item-is-layout-flow\">\n<h3 class=\"wp-block-accordion-heading\"><button aria-expanded=\"false\" aria-controls=\"accordion-item-4-panel\" data-wp-bind--aria-expanded=\"state.isOpen\" data-wp-on--click=\"actions.toggle\" data-wp-on--keydown=\"actions.handleKeyDown\" id=\"accordion-item-4\" type=\"button\" class=\"wp-block-accordion-heading__toggle\"><span class=\"wp-block-accordion-heading__toggle-title\">\u00bfTengo que cambiar de compa\u00f1\u00eda el\u00e9ctrica?<\/span><span class=\"wp-block-accordion-heading__toggle-icon\" aria-hidden=\"true\">+<\/span><\/button><\/h3>\n\n\n\n<div inert aria-labelledby=\"accordion-item-4\" data-wp-bind--inert=\"!state.isOpen\" id=\"accordion-item-4-panel\" role=\"region\" class=\"wp-block-accordion-panel is-layout-flow wp-block-accordion-panel-is-layout-flow\">\n<p>No necesariamente. En muchos casos el ahorro se consigue <strong>optimizando la tarifa o ajustando la potencia contratada<\/strong>.<\/p>\n<\/div>\n<\/div>\n<\/div>\n\n\n\n<div data-wp-context=\"{ &quot;autoclose&quot;: false, &quot;accordionItems&quot;: [] }\" data-wp-interactive=\"core\/accordion\" role=\"group\" class=\"wp-block-accordion is-layout-flow wp-block-accordion-is-layout-flow\">\n<div data-wp-class--is-open=\"state.isOpen\" data-wp-context=\"{ &quot;id&quot;: &quot;accordion-item-6&quot;, &quot;openByDefault&quot;: false }\" data-wp-init=\"callbacks.initAccordionItems\" data-wp-on-window--hashchange=\"callbacks.hashChange\" class=\"wp-block-accordion-item is-layout-flow wp-block-accordion-item-is-layout-flow\">\n<h3 class=\"wp-block-accordion-heading\"><button aria-expanded=\"false\" aria-controls=\"accordion-item-6-panel\" data-wp-bind--aria-expanded=\"state.isOpen\" data-wp-on--click=\"actions.toggle\" data-wp-on--keydown=\"actions.handleKeyDown\" id=\"accordion-item-6\" type=\"button\" class=\"wp-block-accordion-heading__toggle\"><span class=\"wp-block-accordion-heading__toggle-title\">\u00bfEs seguro enviar mi factura?<\/span><span class=\"wp-block-accordion-heading__toggle-icon\" aria-hidden=\"true\">+<\/span><\/button><\/h3>\n\n\n\n<div inert aria-labelledby=\"accordion-item-6\" data-wp-bind--inert=\"!state.isOpen\" id=\"accordion-item-6-panel\" role=\"region\" class=\"wp-block-accordion-panel is-layout-flow wp-block-accordion-panel-is-layout-flow\">\n<p>S\u00ed. La informaci\u00f3n se utiliza \u00fanicamente para analizar tu contrato energ\u00e9tico y se trata conforme a nuestra <strong>pol\u00edtica de privacidad<\/strong>.<\/p>\n\n\n\n<div data-wp-context=\"{ &quot;autoclose&quot;: false, &quot;accordionItems&quot;: [] }\" data-wp-interactive=\"core\/accordion\" role=\"group\" class=\"wp-block-accordion is-layout-flow wp-block-accordion-is-layout-flow\">\n<div data-wp-class--is-open=\"state.isOpen\" data-wp-context=\"{ &quot;id&quot;: &quot;accordion-item-5&quot;, &quot;openByDefault&quot;: false }\" data-wp-init=\"callbacks.initAccordionItems\" data-wp-on-window--hashchange=\"callbacks.hashChange\" class=\"wp-block-accordion-item is-layout-flow wp-block-accordion-item-is-layout-flow\">\n<h3 class=\"wp-block-accordion-heading\"><button aria-expanded=\"false\" aria-controls=\"accordion-item-5-panel\" data-wp-bind--aria-expanded=\"state.isOpen\" data-wp-on--click=\"actions.toggle\" data-wp-on--keydown=\"actions.handleKeyDown\" id=\"accordion-item-5\" type=\"button\" class=\"wp-block-accordion-heading__toggle\"><span class=\"wp-block-accordion-heading__toggle-title\">\u00bfQu\u00e9 tipo de facturas analiz\u00e1is?<\/span><span class=\"wp-block-accordion-heading__toggle-icon\" aria-hidden=\"true\">+<\/span><\/button><\/h3>\n\n\n\n<div inert aria-labelledby=\"accordion-item-5\" data-wp-bind--inert=\"!state.isOpen\" id=\"accordion-item-5-panel\" role=\"region\" class=\"wp-block-accordion-panel is-layout-flow wp-block-accordion-panel-is-layout-flow\">\n<p>Analizamos facturas de <strong>electricidad y gas<\/strong> tanto para viviendas habituales como para segundas residencias.<\/p>\n<\/div>\n<\/div>\n<\/div>\n<\/div>\n<\/div>\n<\/div>\n\n\n\n<div data-wp-context=\"{ &quot;autoclose&quot;: false, &quot;accordionItems&quot;: [] }\" data-wp-interactive=\"core\/accordion\" role=\"group\" class=\"wp-block-accordion is-layout-flow wp-block-accordion-is-layout-flow\">\n<div data-wp-class--is-open=\"state.isOpen\" data-wp-context=\"{ &quot;id&quot;: &quot;accordion-item-8&quot;, &quot;openByDefault&quot;: false }\" data-wp-init=\"callbacks.initAccordionItems\" data-wp-on-window--hashchange=\"callbacks.hashChange\" class=\"wp-block-accordion-item is-layout-flow wp-block-accordion-item-is-layout-flow\">\n<h3 class=\"wp-block-accordion-heading\"><button aria-expanded=\"false\" aria-controls=\"accordion-item-8-panel\" data-wp-bind--aria-expanded=\"state.isOpen\" data-wp-on--click=\"actions.toggle\" data-wp-on--keydown=\"actions.handleKeyDown\" id=\"accordion-item-8\" type=\"button\" class=\"wp-block-accordion-heading__toggle\"><span class=\"wp-block-accordion-heading__toggle-title\">\u00bfPuedo solicitar el an\u00e1lisis si soy inquilino?<\/span><span class=\"wp-block-accordion-heading__toggle-icon\" aria-hidden=\"true\">+<\/span><\/button><\/h3>\n\n\n\n<div inert aria-labelledby=\"accordion-item-8\" data-wp-bind--inert=\"!state.isOpen\" id=\"accordion-item-8-panel\" role=\"region\" class=\"wp-block-accordion-panel is-layout-flow wp-block-accordion-panel-is-layout-flow\">\n<p>S\u00ed, siempre que tengas acceso a la factura energ\u00e9tica o autorizaci\u00f3n del titular del contrato.<\/p>\n\n\n\n<div data-wp-context=\"{ &quot;autoclose&quot;: false, &quot;accordionItems&quot;: [] }\" data-wp-interactive=\"core\/accordion\" role=\"group\" class=\"wp-block-accordion is-layout-flow wp-block-accordion-is-layout-flow\">\n<div data-wp-class--is-open=\"state.isOpen\" data-wp-context=\"{ &quot;id&quot;: &quot;accordion-item-7&quot;, &quot;openByDefault&quot;: false }\" data-wp-init=\"callbacks.initAccordionItems\" data-wp-on-window--hashchange=\"callbacks.hashChange\" class=\"wp-block-accordion-item is-layout-flow wp-block-accordion-item-is-layout-flow\">\n<h3 class=\"wp-block-accordion-heading\"><button aria-expanded=\"false\" aria-controls=\"accordion-item-7-panel\" data-wp-bind--aria-expanded=\"state.isOpen\" data-wp-on--click=\"actions.toggle\" data-wp-on--keydown=\"actions.handleKeyDown\" id=\"accordion-item-7\" type=\"button\" class=\"wp-block-accordion-heading__toggle\"><span class=\"wp-block-accordion-heading__toggle-title\">\u00bfQu\u00e9 ocurre despu\u00e9s de subir mi factura?<\/span><span class=\"wp-block-accordion-heading__toggle-icon\" aria-hidden=\"true\">+<\/span><\/button><\/h3>\n\n\n\n<div inert aria-labelledby=\"accordion-item-7\" data-wp-bind--inert=\"!state.isOpen\" id=\"accordion-item-7-panel\" role=\"region\" class=\"wp-block-accordion-panel is-layout-flow wp-block-accordion-panel-is-layout-flow\">\n<p>Nuestro equipo revisar\u00e1 tu factura y te contactar\u00e1 para explicarte si existe margen de ahorro y qu\u00e9 opciones podr\u00edan ayudarte a reducir el coste de tu energ\u00eda.<\/p>\n<\/div>\n<\/div>\n<\/div>\n<\/div>\n<\/div>\n<\/div>\n\n\n\n<div class=\"wp-block-buttons is-layout-flex wp-block-buttons-is-layout-flex\"><\/div>\n\n\n\n<h2 class=\"wp-block-heading\" style=\"margin-top:var(--wp--preset--spacing--50);margin-bottom:var(--wp--preset--spacing--50)\">\u00bfQuieres saber si puedes ahorrar en tu factura?<\/h2>\n\n\n\n<p style=\"margin-top:var(--wp--preset--spacing--40);margin-bottom:var(--wp--preset--spacing--40)\">Sube tu factura y analizaremos si existe margen de mejora en tu contrato energ\u00e9tico.<br>El an\u00e1lisis es gratuito y sin compromiso.<\/p>\n\n\n\n<div class=\"wp-block-buttons is-layout-flex wp-block-buttons-is-layout-flex\">\n<div class=\"wp-block-button\"><a class=\"wp-block-button__link has-extra-primary-background-color has-background has-regular-font-size has-custom-font-size wp-element-button\" href=\"https:\/\/rubikaenergia.com\/?page_id=531\" style=\"padding-right:var(--wp--preset--spacing--60);padding-left:var(--wp--preset--spacing--60)\">Subir mi factura<\/a><\/div>\n<\/div>\n\n\n\n<p><\/p>\n","protected":false},"excerpt":{"rendered":"<p>Preguntas frecuentes Respondemos a las dudas m\u00e1s habituales sobre el an\u00e1lisis de facturas energ\u00e9ticas y c\u00f3mo puedes reducir el coste de tu factura de luz o gas. \u00bfQuieres saber si puedes ahorrar en tu factura? Sube tu factura y analizaremos si existe margen de mejora en tu contrato energ\u00e9tico.El an\u00e1lisis es gratuito y sin compromiso.<\/p>\n","protected":false},"author":1,"featured_media":0,"parent":0,"menu_order":0,"comment_status":"closed","ping_status":"closed","template":"","meta":{"_themeisle_gutenberg_block_has_review":false,"footnotes":""},"class_list":["post-738","page","type-page","status-publish","hentry"],"yoast_head":"<!-- This site is optimized with the Yoast SEO plugin v27.5 - https:\/\/yoast.com\/product\/yoast-seo-wordpress\/ -->\n<title>Preguntas frecuentes - Asesor\u00eda Energ\u00e9tica Profesional<\/title>\n<meta name=\"robots\" content=\"index, follow, max-snippet:-1, max-image-preview:large, max-video-preview:-1\" \/>\n<link rel=\"canonical\" href=\"https:\/\/rubikaenergia.com\/preguntas-frecuentes-2\/\" \/>\n<meta property=\"og:locale\" content=\"es_ES\" \/>\n<meta property=\"og:type\" content=\"article\" \/>\n<meta property=\"og:title\" content=\"Preguntas frecuentes - Asesor\u00eda Energ\u00e9tica Profesional\" \/>\n<meta property=\"og:description\" content=\"Preguntas frecuentes Respondemos a las dudas m\u00e1s habituales sobre el an\u00e1lisis de facturas energ\u00e9ticas y c\u00f3mo puedes reducir el coste de tu factura de luz o gas. \u00bfQuieres saber si puedes ahorrar en tu factura? Sube tu factura y analizaremos si existe margen de mejora en tu contrato energ\u00e9tico.El an\u00e1lisis es gratuito y sin compromiso.\" \/>\n<meta property=\"og:url\" content=\"https:\/\/rubikaenergia.com\/preguntas-frecuentes-2\/\" \/>\n<meta property=\"og:site_name\" content=\"Asesor\u00eda Energ\u00e9tica Profesional\" \/>\n<meta property=\"article:modified_time\" content=\"2026-03-14T19:13:20+00:00\" \/>\n<meta name=\"twitter:card\" content=\"summary_large_image\" \/>\n<meta name=\"twitter:label1\" content=\"Tiempo de lectura\" \/>\n\t<meta name=\"twitter:data1\" content=\"1 minuto\" \/>\n<script type=\"application\/ld+json\" class=\"yoast-schema-graph\">{\"@context\":\"https:\\\/\\\/schema.org\",\"@graph\":[{\"@type\":\"WebPage\",\"@id\":\"https:\\\/\\\/rubikaenergia.com\\\/preguntas-frecuentes-2\\\/\",\"url\":\"https:\\\/\\\/rubikaenergia.com\\\/preguntas-frecuentes-2\\\/\",\"name\":\"Preguntas frecuentes - Asesor\u00eda Energ\u00e9tica Profesional\",\"isPartOf\":{\"@id\":\"https:\\\/\\\/rubikaenergia.com\\\/#website\"},\"datePublished\":\"2026-03-14T18:38:08+00:00\",\"dateModified\":\"2026-03-14T19:13:20+00:00\",\"breadcrumb\":{\"@id\":\"https:\\\/\\\/rubikaenergia.com\\\/preguntas-frecuentes-2\\\/#breadcrumb\"},\"inLanguage\":\"es\",\"potentialAction\":[{\"@type\":\"ReadAction\",\"target\":[\"https:\\\/\\\/rubikaenergia.com\\\/preguntas-frecuentes-2\\\/\"]}]},{\"@type\":\"BreadcrumbList\",\"@id\":\"https:\\\/\\\/rubikaenergia.com\\\/preguntas-frecuentes-2\\\/#breadcrumb\",\"itemListElement\":[{\"@type\":\"ListItem\",\"position\":1,\"name\":\"Portada\",\"item\":\"https:\\\/\\\/rubikaenergia.com\\\/\"},{\"@type\":\"ListItem\",\"position\":2,\"name\":\"Preguntas frecuentes\"}]},{\"@type\":\"WebSite\",\"@id\":\"https:\\\/\\\/rubikaenergia.com\\\/#website\",\"url\":\"https:\\\/\\\/rubikaenergia.com\\\/\",\"name\":\"Asesor\u00eda Energ\u00e9tica Profesional\",\"description\":\"\",\"publisher\":{\"@id\":\"https:\\\/\\\/rubikaenergia.com\\\/#organization\"},\"potentialAction\":[{\"@type\":\"SearchAction\",\"target\":{\"@type\":\"EntryPoint\",\"urlTemplate\":\"https:\\\/\\\/rubikaenergia.com\\\/?s={search_term_string}\"},\"query-input\":{\"@type\":\"PropertyValueSpecification\",\"valueRequired\":true,\"valueName\":\"search_term_string\"}}],\"inLanguage\":\"es\"},{\"@type\":\"Organization\",\"@id\":\"https:\\\/\\\/rubikaenergia.com\\\/#organization\",\"name\":\"Asesor\u00eda Energ\u00e9tica Profesional\",\"url\":\"https:\\\/\\\/rubikaenergia.com\\\/\",\"logo\":{\"@type\":\"ImageObject\",\"inLanguage\":\"es\",\"@id\":\"https:\\\/\\\/rubikaenergia.com\\\/#\\\/schema\\\/logo\\\/image\\\/\",\"url\":\"https:\\\/\\\/rubikaenergia.com\\\/wp-content\\\/uploads\\\/2026\\\/02\\\/logo-rubika.png\",\"contentUrl\":\"https:\\\/\\\/rubikaenergia.com\\\/wp-content\\\/uploads\\\/2026\\\/02\\\/logo-rubika.png\",\"width\":2000,\"height\":2000,\"caption\":\"Asesor\u00eda Energ\u00e9tica Profesional\"},\"image\":{\"@id\":\"https:\\\/\\\/rubikaenergia.com\\\/#\\\/schema\\\/logo\\\/image\\\/\"},\"sameAs\":[\"https:\\\/\\\/www.instagram.com\\\/rubika_energia\\\/\"]}]}<\/script>\n<!-- \/ Yoast SEO plugin. -->","yoast_head_json":{"title":"Preguntas frecuentes - Asesor\u00eda Energ\u00e9tica Profesional","robots":{"index":"index","follow":"follow","max-snippet":"max-snippet:-1","max-image-preview":"max-image-preview:large","max-video-preview":"max-video-preview:-1"},"canonical":"https:\/\/rubikaenergia.com\/preguntas-frecuentes-2\/","og_locale":"es_ES","og_type":"article","og_title":"Preguntas frecuentes - Asesor\u00eda Energ\u00e9tica Profesional","og_description":"Preguntas frecuentes Respondemos a las dudas m\u00e1s habituales sobre el an\u00e1lisis de facturas energ\u00e9ticas y c\u00f3mo puedes reducir el coste de tu factura de luz o gas. \u00bfQuieres saber si puedes ahorrar en tu factura? Sube tu factura y analizaremos si existe margen de mejora en tu contrato energ\u00e9tico.El an\u00e1lisis es gratuito y sin compromiso.","og_url":"https:\/\/rubikaenergia.com\/preguntas-frecuentes-2\/","og_site_name":"Asesor\u00eda Energ\u00e9tica Profesional","article_modified_time":"2026-03-14T19:13:20+00:00","twitter_card":"summary_large_image","twitter_misc":{"Tiempo de lectura":"1 minuto"},"schema":{"@context":"https:\/\/schema.org","@graph":[{"@type":"WebPage","@id":"https:\/\/rubikaenergia.com\/preguntas-frecuentes-2\/","url":"https:\/\/rubikaenergia.com\/preguntas-frecuentes-2\/","name":"Preguntas frecuentes - Asesor\u00eda Energ\u00e9tica Profesional","isPartOf":{"@id":"https:\/\/rubikaenergia.com\/#website"},"datePublished":"2026-03-14T18:38:08+00:00","dateModified":"2026-03-14T19:13:20+00:00","breadcrumb":{"@id":"https:\/\/rubikaenergia.com\/preguntas-frecuentes-2\/#breadcrumb"},"inLanguage":"es","potentialAction":[{"@type":"ReadAction","target":["https:\/\/rubikaenergia.com\/preguntas-frecuentes-2\/"]}]},{"@type":"BreadcrumbList","@id":"https:\/\/rubikaenergia.com\/preguntas-frecuentes-2\/#breadcrumb","itemListElement":[{"@type":"ListItem","position":1,"name":"Portada","item":"https:\/\/rubikaenergia.com\/"},{"@type":"ListItem","position":2,"name":"Preguntas frecuentes"}]},{"@type":"WebSite","@id":"https:\/\/rubikaenergia.com\/#website","url":"https:\/\/rubikaenergia.com\/","name":"Asesor\u00eda Energ\u00e9tica Profesional","description":"","publisher":{"@id":"https:\/\/rubikaenergia.com\/#organization"},"potentialAction":[{"@type":"SearchAction","target":{"@type":"EntryPoint","urlTemplate":"https:\/\/rubikaenergia.com\/?s={search_term_string}"},"query-input":{"@type":"PropertyValueSpecification","valueRequired":true,"valueName":"search_term_string"}}],"inLanguage":"es"},{"@type":"Organization","@id":"https:\/\/rubikaenergia.com\/#organization","name":"Asesor\u00eda Energ\u00e9tica Profesional","url":"https:\/\/rubikaenergia.com\/","logo":{"@type":"ImageObject","inLanguage":"es","@id":"https:\/\/rubikaenergia.com\/#\/schema\/logo\/image\/","url":"https:\/\/rubikaenergia.com\/wp-content\/uploads\/2026\/02\/logo-rubika.png","contentUrl":"https:\/\/rubikaenergia.com\/wp-content\/uploads\/2026\/02\/logo-rubika.png","width":2000,"height":2000,"caption":"Asesor\u00eda Energ\u00e9tica Profesional"},"image":{"@id":"https:\/\/rubikaenergia.com\/#\/schema\/logo\/image\/"},"sameAs":["https:\/\/www.instagram.com\/rubika_energia\/"]}]}},"_links":{"self":[{"href":"https:\/\/rubikaenergia.com\/wp-json\/wp\/v2\/pages\/738","targetHints":{"allow":["GET"]}}],"collection":[{"href":"https:\/\/rubikaenergia.com\/wp-json\/wp\/v2\/pages"}],"about":[{"href":"https:\/\/rubikaenergia.com\/wp-json\/wp\/v2\/types\/page"}],"author":[{"embeddable":true,"href":"https:\/\/rubikaenergia.com\/wp-json\/wp\/v2\/users\/1"}],"replies":[{"embeddable":true,"href":"https:\/\/rubikaenergia.com\/wp-json\/wp\/v2\/comments?post=738"}],"version-history":[{"count":9,"href":"https:\/\/rubikaenergia.com\/wp-json\/wp\/v2\/pages\/738\/revisions"}],"predecessor-version":[{"id":749,"href":"https:\/\/rubikaenergia.com\/wp-json\/wp\/v2\/pages\/738\/revisions\/749"}],"wp:attachment":[{"href":"https:\/\/rubikaenergia.com\/wp-json\/wp\/v2\/media?parent=738"}],"curies":[{"name":"wp","href":"https:\/\/api.w.org\/{rel}","templated":true}]}}